{"id":16,"date":"2024-11-13T12:28:58","date_gmt":"2024-11-13T12:28:58","guid":{"rendered":"https:\/\/ecodynamic.md\/faq\/"},"modified":"2024-11-22T10:11:29","modified_gmt":"2024-11-22T10:11:29","slug":"noutati","status":"publish","type":"page","link":"https:\/\/ecodynamic.md\/ru\/noutati\/","title":{"rendered":"\u041d\u043e\u0432\u043e\u0441\u0442\u0438"},"content":{"rendered":"<div data-elementor-type=\"wp-post\" data-elementor-id=\"16\" class=\"elementor elementor-16\">\n\t\t\t\t<div class=\"elementor-element elementor-element-6048aa0 e-flex e-con-boxed wpr-particle-no wpr-jarallax-no wpr-parallax-no wpr-sticky-section-no e-con e-parent\" data-id=\"6048aa0\" data-element_type=\"container\" data-settings=\"{&quot;background_background&quot;:&quot;classic&quot;}\">\n\t\t\t\t\t<div class=\"e-con-inner\">\n\t\t<div class=\"elementor-element elementor-element-7514d15 e-con-full e-flex wpr-particle-no wpr-jarallax-no wpr-parallax-no wpr-sticky-section-no e-con e-child\" data-id=\"7514d15\" data-element_type=\"container\">\n\t\t\t\t<div class=\"elementor-element elementor-element-4b7dcab elementor-widget elementor-widget-heading\" data-id=\"4b7dcab\" data-element_type=\"widget\" data-widget_type=\"heading.default\">\n\t\t\t\t<div class=\"elementor-widget-container\">\n\t\t\t\t\t<h1 class=\"elementor-heading-title elementor-size-default\">\u041d\u043e\u0432\u043e\u0441\u0442\u0438<\/h1>\t\t\t\t<\/div>\n\t\t\t\t<\/div>\n\t\t\t\t<div class=\"elementor-element elementor-element-25dec41 elementor-widget elementor-widget-text-editor\" data-id=\"25dec41\" data-element_type=\"widget\" data-widget_type=\"text-editor.default\">\n\t\t\t\t<div class=\"elementor-widget-container\">\n\t\t\t\t\t\t\t\t\t<p>\u0411\u0443\u0434\u044c\u0442\u0435 \u0432 \u043a\u0443\u0440\u0441\u0435 \u043f\u043e\u0441\u043b\u0435\u0434\u043d\u0435\u0439 \u0438\u043d\u0444\u043e\u0440\u043c\u0430\u0446\u0438\u0438, \u0438\u043d\u043d\u043e\u0432\u0430\u0446\u0438\u0439 \u0438 \u043f\u0440\u0435\u0434\u043b\u043e\u0436\u0435\u043d\u0438\u0439 \u0432 \u043e\u0431\u043b\u0430\u0441\u0442\u0438 \u0444\u043e\u0442\u043e\u0432\u043e\u043b\u044c\u0442\u0430\u0438\u043a\u0438. \u0423\u0437\u043d\u0430\u0439\u0442\u0435, \u043a\u0430\u043a \u0432\u044b \u043c\u043e\u0436\u0435\u0442\u0435 \u043e\u043f\u0442\u0438\u043c\u0438\u0437\u0438\u0440\u043e\u0432\u0430\u0442\u044c \u043f\u043e\u0442\u0440\u0435\u0431\u043b\u0435\u043d\u0438\u0435 \u044d\u043d\u0435\u0440\u0433\u0438\u0438 \u0441 \u043f\u043e\u043c\u043e\u0449\u044c\u044e \u043d\u0430\u0448\u0438\u0445 \u0440\u0435\u0448\u0435\u043d\u0438\u0439.<\/p>\t\t\t\t\t\t\t\t<\/div>\n\t\t\t\t<\/div>\n\t\t\t\t<\/div>\n\t\t\t\t\t<\/div>\n\t\t\t\t<\/div>\n\t\t<div class=\"elementor-element elementor-element-66c5ea5 e-flex e-con-boxed wpr-particle-no wpr-jarallax-no wpr-parallax-no wpr-sticky-section-no e-con e-parent\" data-id=\"66c5ea5\" data-element_type=\"container\">\n\t\t\t\t\t<div class=\"e-con-inner\">\n\t\t\t\t<div class=\"elementor-element elementor-element-6d8e433 premium-blog-align-left elementor-widget elementor-widget-premium-addon-blog\" data-id=\"6d8e433\" data-element_type=\"widget\" data-settings=\"{&quot;premium_blog_columns_number&quot;:&quot;33.33%&quot;,&quot;premium_blog_grid&quot;:&quot;yes&quot;,&quot;premium_blog_layout&quot;:&quot;even&quot;,&quot;premium_blog_columns_number_tablet&quot;:&quot;50%&quot;,&quot;premium_blog_columns_number_mobile&quot;:&quot;100%&quot;}\" data-widget_type=\"premium-addon-blog.default\">\n\t\t\t\t<div class=\"elementor-widget-container\">\n\t\t\t\t\t\r\n\t\t\t\t<div class=\"premium-blog-wrap  premium-blog-even\" data-page=\"16\">\r\n\t\t\t\t\t<div class=\"premium-blog-post-outer-container\" data-total=\"3\">\r\n\t\t\t<div class=\"premium-blog-post-container premium-blog-skin-classic\">\r\n\t\t\t\t\t\t\t\t\t\t\t\t<div class=\"premium-blog-content-wrapper empty-thumb\">\r\n\r\n\t\t\t\t\t<div class=\"premium-blog-inner-container\">\r\n\r\n\t\t\t\t\t\t\t\t\t\t\t\t\t\t<h6 class=\"premium-blog-entry-title\">\r\n\t\t\t<a href=\"https:\/\/ecodynamic.md\/ru\/sa-transformi-soarele-in-economii-reale\/\" target=\"_blank\">\r\n\t\t\t\ts\u0103 Transformi Soarele \u00een Economii Reale\t\t\t<\/a>\r\n\t\t<\/h6>\r\n\t\t\t\t<div class=\"premium-blog-entry-meta\">\r\n\t\t\t\r\n\t\t\t\t\t\t\t<span class=\"premium-blog-meta-separator\">\u2022<\/span>\r\n\t\t\t\t<div class=\"premium-blog-post-time premium-blog-meta-data\">\r\n\t\t\t\t\t<i class=\"fa fa-calendar-alt\" aria-hidden=\"true\"><\/i>\r\n\t\t\t\t\t<span>25 \u0438\u044e\u043d\u044f, 2025<\/span>\r\n\t\t\t\t<\/div>\r\n\t\t\t\r\n\t\t\t\r\n\t\t\t\t\t<\/div>\r\n\t\t\r\n\t\t\t\t\t<\/div>\r\n\r\n\t\t\t\t\t\t\t<div class=\"premium-blog-content-inner-wrapper\">\r\n\t\t<p class=\"premium-blog-post-content\">Panouri Solare Moldova \u2013 Cum s\u0103 Transformi Soarele \u00een Economii Reale \u00centr-o \u021bar\u0103 ca Moldova, unde costurile cu energia electric\u0103 sunt \u00een \u2026<\/p>\t\t<\/div>\r\n\t\t\t\t\t\t\t\r\n\t\t\t\t<\/div>\r\n\t\t\t<\/div>\r\n\t\t<\/div>\r\n\r\n\t\t\t\t<div class=\"premium-blog-post-outer-container\" data-total=\"3\">\r\n\t\t\t<div class=\"premium-blog-post-container premium-blog-skin-classic\">\r\n\t\t\t\t\t\t\t\t\t\t\t\t<div class=\"premium-blog-content-wrapper empty-thumb\">\r\n\r\n\t\t\t\t\t<div class=\"premium-blog-inner-container\">\r\n\r\n\t\t\t\t\t\t\t\t\t\t\t\t\t\t<h6 class=\"premium-blog-entry-title\">\r\n\t\t\t<a href=\"https:\/\/ecodynamic.md\/ru\/solutia-inteligenta-pentru-energie-regenerabila\/\" target=\"_blank\">\r\n\t\t\t\tSolu\u021bia Inteligent\u0103 pentru Energie Regenerabil\u0103\t\t\t<\/a>\r\n\t\t<\/h6>\r\n\t\t\t\t<div class=\"premium-blog-entry-meta\">\r\n\t\t\t\r\n\t\t\t\t\t\t\t<span class=\"premium-blog-meta-separator\">\u2022<\/span>\r\n\t\t\t\t<div class=\"premium-blog-post-time premium-blog-meta-data\">\r\n\t\t\t\t\t<i class=\"fa fa-calendar-alt\" aria-hidden=\"true\"><\/i>\r\n\t\t\t\t\t<span>25 \u0438\u044e\u043d\u044f, 2025<\/span>\r\n\t\t\t\t<\/div>\r\n\t\t\t\r\n\t\t\t\r\n\t\t\t\t\t<\/div>\r\n\t\t\r\n\t\t\t\t\t<\/div>\r\n\r\n\t\t\t\t\t\t\t<div class=\"premium-blog-content-inner-wrapper\">\r\n\t\t<p class=\"premium-blog-post-content\">Panouri Solare Moldova \u2013 Solu\u021bia Inteligent\u0103 pentru Energie Regenerabil\u0103 Pe pia\u021ba din Moldova, energia solar\u0103 este \u00een plin\u0103 expansiune, iar panourile solare \u2026<\/p>\t\t<\/div>\r\n\t\t\t\t\t\t\t\r\n\t\t\t\t<\/div>\r\n\t\t\t<\/div>\r\n\t\t<\/div>\r\n\r\n\t\t\t\t<div class=\"premium-blog-post-outer-container\" data-total=\"3\">\r\n\t\t\t<div class=\"premium-blog-post-container premium-blog-skin-classic\">\r\n\t\t\t\t\t\t\t\t\t\t\t\t<div class=\"premium-blog-content-wrapper empty-thumb\">\r\n\r\n\t\t\t\t\t<div class=\"premium-blog-inner-container\">\r\n\r\n\t\t\t\t\t\t\t\t\t\t\t\t\t\t<h6 class=\"premium-blog-entry-title\">\r\n\t\t\t<a href=\"https:\/\/ecodynamic.md\/ru\/solutia-durabila-pentru-energie-verde\/\" target=\"_blank\">\r\n\t\t\t\tSolu\u021bia Durabil\u0103 pentru Energie Verde\t\t\t<\/a>\r\n\t\t<\/h6>\r\n\t\t\t\t<div class=\"premium-blog-entry-meta\">\r\n\t\t\t\r\n\t\t\t\t\t\t\t<span class=\"premium-blog-meta-separator\">\u2022<\/span>\r\n\t\t\t\t<div class=\"premium-blog-post-time premium-blog-meta-data\">\r\n\t\t\t\t\t<i class=\"fa fa-calendar-alt\" aria-hidden=\"true\"><\/i>\r\n\t\t\t\t\t<span>25 \u0438\u044e\u043d\u044f, 2025<\/span>\r\n\t\t\t\t<\/div>\r\n\t\t\t\r\n\t\t\t\r\n\t\t\t\t\t<\/div>\r\n\t\t\r\n\t\t\t\t\t<\/div>\r\n\r\n\t\t\t\t\t\t\t<div class=\"premium-blog-content-inner-wrapper\">\r\n\t\t<p class=\"premium-blog-post-content\">Panouri Fotovoltaice Moldova \u2013 Solu\u021bia Durabil\u0103 pentru Energie Verde \u00cen Republica Moldova, interesul pentru panouri fotovoltaice \u0219i solu\u021bii de energie solar\u0103 cre\u0219te \u2026<\/p>\t\t<\/div>\r\n\t\t\t\t\t\t\t\r\n\t\t\t\t<\/div>\r\n\t\t\t<\/div>\r\n\t\t<\/div>\r\n\r\n\t\t\t\t<div class=\"premium-blog-post-outer-container\" data-total=\"3\">\r\n\t\t\t<div class=\"premium-blog-post-container premium-blog-skin-classic\">\r\n\t\t\t\t\t\t\t\t\t\t\t\t<div class=\"premium-blog-content-wrapper empty-thumb\">\r\n\r\n\t\t\t\t\t<div class=\"premium-blog-inner-container\">\r\n\r\n\t\t\t\t\t\t\t\t\t\t\t\t\t\t<h6 class=\"premium-blog-entry-title\">\r\n\t\t\t<a href=\"https:\/\/ecodynamic.md\/ru\/energie-fotovoltaica-eficienta-si-durabila\/\" target=\"_blank\">\r\n\t\t\t\tEnergie Fotovoltaic\u0103 Eficient\u0103 \u0219i Durabil\u0103\t\t\t<\/a>\r\n\t\t<\/h6>\r\n\t\t\t\t<div class=\"premium-blog-entry-meta\">\r\n\t\t\t\r\n\t\t\t\t\t\t\t<span class=\"premium-blog-meta-separator\">\u2022<\/span>\r\n\t\t\t\t<div class=\"premium-blog-post-time premium-blog-meta-data\">\r\n\t\t\t\t\t<i class=\"fa fa-calendar-alt\" aria-hidden=\"true\"><\/i>\r\n\t\t\t\t\t<span>25 \u0438\u044e\u043d\u044f, 2025<\/span>\r\n\t\t\t\t<\/div>\r\n\t\t\t\r\n\t\t\t\r\n\t\t\t\t\t<\/div>\r\n\t\t\r\n\t\t\t\t\t<\/div>\r\n\r\n\t\t\t\t\t\t\t<div class=\"premium-blog-content-inner-wrapper\">\r\n\t\t<p class=\"premium-blog-post-content\">Panouri Solare Moldova \u2013 Energie Fotovoltaic\u0103 Eficient\u0103 \u0219i Durabil\u0103 Pe m\u0103sur\u0103 ce pre\u021burile la energie electric\u0103 cresc constant, tot mai multe gospod\u0103rii \u2026<\/p>\t\t<\/div>\r\n\t\t\t\t\t\t\t\r\n\t\t\t\t<\/div>\r\n\t\t\t<\/div>\r\n\t\t<\/div>\r\n\r\n\t\t\t\t<div class=\"premium-blog-post-outer-container\" data-total=\"3\">\r\n\t\t\t<div class=\"premium-blog-post-container premium-blog-skin-classic\">\r\n\t\t\t\t\t\t\t\t\t\t\t\t<div class=\"premium-blog-content-wrapper empty-thumb\">\r\n\r\n\t\t\t\t\t<div class=\"premium-blog-inner-container\">\r\n\r\n\t\t\t\t\t\t\t\t\t\t\t\t\t\t<h6 class=\"premium-blog-entry-title\">\r\n\t\t\t<a href=\"https:\/\/ecodynamic.md\/ru\/panouri-solare-si-fotovoltaice-in-moldova\/\" target=\"_blank\">\r\n\t\t\t\tPanouri Solare \u0219i Fotovoltaice \u00een Moldova\t\t\t<\/a>\r\n\t\t<\/h6>\r\n\t\t\t\t<div class=\"premium-blog-entry-meta\">\r\n\t\t\t\r\n\t\t\t\t\t\t\t<span class=\"premium-blog-meta-separator\">\u2022<\/span>\r\n\t\t\t\t<div class=\"premium-blog-post-time premium-blog-meta-data\">\r\n\t\t\t\t\t<i class=\"fa fa-calendar-alt\" aria-hidden=\"true\"><\/i>\r\n\t\t\t\t\t<span>25 \u0438\u044e\u043d\u044f, 2025<\/span>\r\n\t\t\t\t<\/div>\r\n\t\t\t\r\n\t\t\t\r\n\t\t\t\t\t<\/div>\r\n\t\t\r\n\t\t\t\t\t<\/div>\r\n\r\n\t\t\t\t\t\t\t<div class=\"premium-blog-content-inner-wrapper\">\r\n\t\t<p class=\"premium-blog-post-content\">Panouri Solare \u00een Moldova: Solu\u021bia Eficient\u0103 pentru Energie Verde \u0219i Economii la Facturi \u00cen ultimii ani, panourile solare au devenit tot mai \u2026<\/p>\t\t<\/div>\r\n\t\t\t\t\t\t\t\r\n\t\t\t\t<\/div>\r\n\t\t\t<\/div>\r\n\t\t<\/div>\r\n\r\n\t\t\t\t<div class=\"premium-blog-post-outer-container\" data-total=\"3\">\r\n\t\t\t<div class=\"premium-blog-post-container premium-blog-skin-classic\">\r\n\t\t\t\t\t\t\t\t\t\t\t\t<div class=\"premium-blog-content-wrapper empty-thumb\">\r\n\r\n\t\t\t\t\t<div class=\"premium-blog-inner-container\">\r\n\r\n\t\t\t\t\t\t\t\t\t\t\t\t\t\t<h6 class=\"premium-blog-entry-title\">\r\n\t\t\t<a href=\"https:\/\/ecodynamic.md\/ru\/panouri-solare-in-moldova-solutia-completa-pentru-energie-verde-si-economii-sustenabile\/\" target=\"_blank\">\r\n\t\t\t\tPanouri solare \u00een Moldova \u2013 solu\u021bia complet\u0103 pentru energie verde \u0219i economii sustenabile\t\t\t<\/a>\r\n\t\t<\/h6>\r\n\t\t\t\t<div class=\"premium-blog-entry-meta\">\r\n\t\t\t\r\n\t\t\t\t\t\t\t<span class=\"premium-blog-meta-separator\">\u2022<\/span>\r\n\t\t\t\t<div class=\"premium-blog-post-time premium-blog-meta-data\">\r\n\t\t\t\t\t<i class=\"fa fa-calendar-alt\" aria-hidden=\"true\"><\/i>\r\n\t\t\t\t\t<span>25 \u0438\u044e\u043d\u044f, 2025<\/span>\r\n\t\t\t\t<\/div>\r\n\t\t\t\r\n\t\t\t\r\n\t\t\t\t\t<\/div>\r\n\t\t\r\n\t\t\t\t\t<\/div>\r\n\r\n\t\t\t\t\t\t\t<div class=\"premium-blog-content-inner-wrapper\">\r\n\t\t<p class=\"premium-blog-post-content\">\u00cen contextul cre\u0219terii continue a pre\u021burilor la energie \u0219i al con\u0219tientiz\u0103rii impactului asupra mediului, panourile solare au devenit o alegere tot mai \u2026<\/p>\t\t<\/div>\r\n\t\t\t\t\t\t\t\r\n\t\t\t\t<\/div>\r\n\t\t\t<\/div>\r\n\t\t<\/div>\r\n\r\n\t\t\t\t<div class=\"premium-blog-post-outer-container\" data-total=\"3\">\r\n\t\t\t<div class=\"premium-blog-post-container premium-blog-skin-classic\">\r\n\t\t\t\t\t\t\t\t\t\t\t\t<div class=\"premium-blog-content-wrapper empty-thumb\">\r\n\r\n\t\t\t\t\t<div class=\"premium-blog-inner-container\">\r\n\r\n\t\t\t\t\t\t\t\t\t\t\t\t\t\t<h6 class=\"premium-blog-entry-title\">\r\n\t\t\t<a href=\"https:\/\/ecodynamic.md\/ru\/de-ce-sa-alegi-panourile-solare-in-moldova-beneficii-costuri-si-solutii-cu-ecodynamic\/\" target=\"_blank\">\r\n\t\t\t\tDe ce s\u0103 alegi panourile solare \u00een Moldova? Beneficii, costuri \u0219i solu\u021bii cu Ecodynamic\t\t\t<\/a>\r\n\t\t<\/h6>\r\n\t\t\t\t<div class=\"premium-blog-entry-meta\">\r\n\t\t\t\r\n\t\t\t\t\t\t\t<span class=\"premium-blog-meta-separator\">\u2022<\/span>\r\n\t\t\t\t<div class=\"premium-blog-post-time premium-blog-meta-data\">\r\n\t\t\t\t\t<i class=\"fa fa-calendar-alt\" aria-hidden=\"true\"><\/i>\r\n\t\t\t\t\t<span>25 \u0438\u044e\u043d\u044f, 2025<\/span>\r\n\t\t\t\t<\/div>\r\n\t\t\t\r\n\t\t\t\r\n\t\t\t\t\t<\/div>\r\n\t\t\r\n\t\t\t\t\t<\/div>\r\n\r\n\t\t\t\t\t\t\t<div class=\"premium-blog-content-inner-wrapper\">\r\n\t\t<p class=\"premium-blog-post-content\">Energia solar\u0103 este una dintre cele mai rapide \u0219i eficiente metode de a reduce costurile la electricitate \u0219i de a proteja mediul. \u2026<\/p>\t\t<\/div>\r\n\t\t\t\t\t\t\t\r\n\t\t\t\t<\/div>\r\n\t\t\t<\/div>\r\n\t\t<\/div>\r\n\r\n\t\t\t\t<div class=\"premium-blog-post-outer-container\" data-total=\"3\">\r\n\t\t\t<div class=\"premium-blog-post-container premium-blog-skin-classic\">\r\n\t\t\t\t\t\t\t\t\t\t\t\t<div class=\"premium-blog-content-wrapper empty-thumb\">\r\n\r\n\t\t\t\t\t<div class=\"premium-blog-inner-container\">\r\n\r\n\t\t\t\t\t\t\t\t\t\t\t\t\t\t<h6 class=\"premium-blog-entry-title\">\r\n\t\t\t<a href=\"https:\/\/ecodynamic.md\/ru\/panouri-solare-in-moldova-cum-sa-ti-transformi-casa-intr-un-producator-de-energie-verde\/\" target=\"_blank\">\r\n\t\t\t\tPanouri solare \u00een Moldova: cum s\u0103-\u021bi transformi casa \u00eentr-un produc\u0103tor de energie verde\t\t\t<\/a>\r\n\t\t<\/h6>\r\n\t\t\t\t<div class=\"premium-blog-entry-meta\">\r\n\t\t\t\r\n\t\t\t\t\t\t\t<span class=\"premium-blog-meta-separator\">\u2022<\/span>\r\n\t\t\t\t<div class=\"premium-blog-post-time premium-blog-meta-data\">\r\n\t\t\t\t\t<i class=\"fa fa-calendar-alt\" aria-hidden=\"true\"><\/i>\r\n\t\t\t\t\t<span>25 \u0438\u044e\u043d\u044f, 2025<\/span>\r\n\t\t\t\t<\/div>\r\n\t\t\t\r\n\t\t\t\r\n\t\t\t\t\t<\/div>\r\n\t\t\r\n\t\t\t\t\t<\/div>\r\n\r\n\t\t\t\t\t\t\t<div class=\"premium-blog-content-inner-wrapper\">\r\n\t\t<p class=\"premium-blog-post-content\">Pe m\u0103sur\u0103 ce pre\u021burile la energie electric\u0103 cresc, iar grija pentru mediul \u00eenconjur\u0103tor devine tot mai important\u0103, tot mai mul\u021bi moldoveni aleg \u2026<\/p>\t\t<\/div>\r\n\t\t\t\t\t\t\t\r\n\t\t\t\t<\/div>\r\n\t\t\t<\/div>\r\n\t\t<\/div>\r\n\r\n\t\t\t\t<div class=\"premium-blog-post-outer-container\" data-total=\"3\">\r\n\t\t\t<div class=\"premium-blog-post-container premium-blog-skin-classic\">\r\n\t\t\t\t\t\t\t\t\t\t\t\t<div class=\"premium-blog-content-wrapper empty-thumb\">\r\n\r\n\t\t\t\t\t<div class=\"premium-blog-inner-container\">\r\n\r\n\t\t\t\t\t\t\t\t\t\t\t\t\t\t<h6 class=\"premium-blog-entry-title\">\r\n\t\t\t<a href=\"https:\/\/ecodynamic.md\/ru\/cum-sa-alegi-cele-mai-bune-panouri-solare-pentru-locuinta-ta-in-moldova\/\" target=\"_blank\">\r\n\t\t\t\tCum s\u0103 alegi cele mai bune panouri solare pentru locuin\u021ba ta \u00een Moldova\t\t\t<\/a>\r\n\t\t<\/h6>\r\n\t\t\t\t<div class=\"premium-blog-entry-meta\">\r\n\t\t\t\r\n\t\t\t\t\t\t\t<span class=\"premium-blog-meta-separator\">\u2022<\/span>\r\n\t\t\t\t<div class=\"premium-blog-post-time premium-blog-meta-data\">\r\n\t\t\t\t\t<i class=\"fa fa-calendar-alt\" aria-hidden=\"true\"><\/i>\r\n\t\t\t\t\t<span>25 \u0438\u044e\u043d\u044f, 2025<\/span>\r\n\t\t\t\t<\/div>\r\n\t\t\t\r\n\t\t\t\r\n\t\t\t\t\t<\/div>\r\n\t\t\r\n\t\t\t\t\t<\/div>\r\n\r\n\t\t\t\t\t\t\t<div class=\"premium-blog-content-inner-wrapper\">\r\n\t\t<p class=\"premium-blog-post-content\">Energia solar\u0103 devine tot mai popular\u0103 \u00een Moldova, iar dac\u0103 te g\u00e2nde\u0219ti s\u0103 faci pasul spre un sistem fotovoltaic, alegerea corect\u0103 a \u2026<\/p>\t\t<\/div>\r\n\t\t\t\t\t\t\t\r\n\t\t\t\t<\/div>\r\n\t\t\t<\/div>\r\n\t\t<\/div>\r\n\r\n\t\t\t\t<div class=\"premium-blog-post-outer-container\" data-total=\"3\">\r\n\t\t\t<div class=\"premium-blog-post-container premium-blog-skin-classic\">\r\n\t\t\t\t\t\t\t\t\t<div class=\"premium-blog-thumb-effect-wrapper\">\r\n\t\t\t\t\t\t<div class=\"premium-blog-thumbnail-container premium-blog-zoomin-effect\">\r\n\t\t\t\t\t\t\t<img fetchpriority=\"high\" decoding=\"async\" width=\"1024\" height=\"578\" src=\"https:\/\/ecodynamic.md\/wp-content\/uploads\/2024\/11\/3-4.png\" class=\"attachment-full size-full wp-image-2483\" alt=\"panouri fotovoltaice moldova\" srcset=\"https:\/\/ecodynamic.md\/wp-content\/uploads\/2024\/11\/3-4.png 1024w, https:\/\/ecodynamic.md\/wp-content\/uploads\/2024\/11\/3-4-600x339.png 600w, https:\/\/ecodynamic.md\/wp-content\/uploads\/2024\/11\/3-4-300x169.png 300w, https:\/\/ecodynamic.md\/wp-content\/uploads\/2024\/11\/3-4-768x434.png 768w\" sizes=\"(max-width: 1024px) 100vw, 1024px\" \/>\t\t\t\t\t\t<\/div>\r\n\t\t\t\t\t\t\t\t\t\t\t\t\t<div class=\"premium-blog-thumbnail-overlay\">\r\n\t\t\t\t\t\t\t\t<a class=\"elementor-icon\" href=\"https:\/\/ecodynamic.md\/ru\/panouri-solare-in-moldova-investeste-in-viitorul-tau-cu-ecodynamic\/\" target=\"_blank\"><span>Panouri solare \u00een Moldova: investe\u0219te \u00een viitorul t\u0103u cu Ecodynamic<\/span><\/a>\r\n\t\t\t\t\t\t\t<\/div>\r\n\r\n\t\t\t\t\t\t\t\t\t\t\t\t\t\t\t\t\t\t<\/div>\r\n\t\t\t\t\t\t\t\t\t\t\t\t<div class=\"premium-blog-content-wrapper\">\r\n\r\n\t\t\t\t\t<div class=\"premium-blog-inner-container\">\r\n\r\n\t\t\t\t\t\t\t\t\t\t\t\t\t\t<h6 class=\"premium-blog-entry-title\">\r\n\t\t\t<a href=\"https:\/\/ecodynamic.md\/ru\/panouri-solare-in-moldova-investeste-in-viitorul-tau-cu-ecodynamic\/\" target=\"_blank\">\r\n\t\t\t\tPanouri solare \u00een Moldova: investe\u0219te \u00een viitorul t\u0103u cu Ecodynamic\t\t\t<\/a>\r\n\t\t<\/h6>\r\n\t\t\t\t<div class=\"premium-blog-entry-meta\">\r\n\t\t\t\r\n\t\t\t\t\t\t\t<span class=\"premium-blog-meta-separator\">\u2022<\/span>\r\n\t\t\t\t<div class=\"premium-blog-post-time premium-blog-meta-data\">\r\n\t\t\t\t\t<i class=\"fa fa-calendar-alt\" aria-hidden=\"true\"><\/i>\r\n\t\t\t\t\t<span>25 \u0438\u044e\u043d\u044f, 2025<\/span>\r\n\t\t\t\t<\/div>\r\n\t\t\t\r\n\t\t\t\r\n\t\t\t\t\t<\/div>\r\n\t\t\r\n\t\t\t\t\t<\/div>\r\n\r\n\t\t\t\t\t\t\t<div class=\"premium-blog-content-inner-wrapper\">\r\n\t\t<p class=\"premium-blog-post-content\">\u00cen ultimii ani, interesul pentru energia regenerabil\u0103 a crescut considerabil \u00een Moldova, iar panourile solare reprezint\u0103 una dintre cele mai inteligente investi\u021bii \u2026<\/p>\t\t<\/div>\r\n\t\t\t\t\t\t\t\r\n\t\t\t\t<\/div>\r\n\t\t\t<\/div>\r\n\t\t<\/div>\r\n\r\n\t\t\t\t<\/div>\r\n\r\n\t\t\t\t\t\t<\/div>\n\t\t\t\t<\/div>\n\t\t\t\t\t<\/div>\n\t\t\t\t<\/div>\n\t\t\t\t<\/div>","protected":false},"excerpt":{"rendered":"<p>Nout\u0103\u021bi R\u0103m\u00e2ne\u021bi la curent cu cele mai recente informa\u021bii, inova\u021bii \u0219i oferte din domeniul energiei fotovoltaice. Descoperi\u021bi cum v\u0103 pute\u021bi optimiza consumul de energie cu solu\u021biile noastre. Conferin\u021b\u0103 de pres\u0103 organizat\u0103 de Ministerul Energiei \u2022 August 3, 2024 Conferin\u021b\u0103 de pres\u0103 organizat\u0103 de Ministerul Energiei dedicat\u0103 subiectului ultimelor modific\u0103ri a Legii nr. 10\/2016 privind promovarea utiliz\u0103rii energiei din surse regenerabile Credit cu dob\u00eend\u0103 0% \u2022 February 22, 2024 Acum ca persoana juridica aveti posibilitatea procurarii echipamentului in\u00a0credit cu dobinda 0% pe o perioada 3 sau 6 luni, fara comisioane si \u2026 Ghidul video \u2022 September 18, 2021 Afla\u021bi din\u00a0ghidul video realizat de Agen\u021bia pentru Eficien\u021b\u0103 Energetic\u0103 raspunsurile la intrebarile care apar cind decideti sa instalati o sistema fotovoltaica. \u00a0Link&gt; Campania de informare\u00a0\u201cFii eficient! Contribuie la dezvoltarea durabil\u0103 a statului!\u201d \u2022 August 24, 2020 Agentia pentru Eficienta Energetica lanseaza campania de informare\u00a0\u201cFii eficient! Contribuie la dezvoltarea durabil\u0103 a statului!\u201d. Accesind acest articol, aflati despre tarifele pentru \u2026 Legea Nr.10 din 26.02.2016 \u2022 March 22, 2018 Din luna aprilie 2018 se asteapta sa intre in vigoare\u00a0legea Nr.10 din 26.02.2016, care va permite consumatorilor finali sa injecteze in retea \u2026 Moldova Eco Energetica \u2022 December 7, 2017 Pe parcursul prezentarilor care au avut loc in decursul forumului\u00a0Moldova Eco Energetica,\u00a0a fost prezentata\u00a0Linia de creditare EU4Business EBERD.\u00a0Este o linie de creditare \u2026<\/p>","protected":false},"author":1,"featured_media":0,"parent":0,"menu_order":0,"comment_status":"closed","ping_status":"closed","template":"","meta":{"site-sidebar-layout":"no-sidebar","site-content-layout":"page-builder","ast-site-content-layout":"","site-content-style":"default","site-sidebar-style":"default","ast-global-header-display":"","ast-banner-title-visibility":"","ast-main-header-display":"","ast-hfb-above-header-display":"","ast-hfb-below-header-display":"","ast-hfb-mobile-header-display":"","site-post-title":"disabled","ast-breadcrumbs-content":"","ast-featured-img":"disabled","footer-sml-layout":"","theme-transparent-header-meta":"","adv-header-id-meta":"","stick-header-meta":"","header-above-stick-meta":"","header-main-stick-meta":"","header-below-stick-meta":"","astra-migrate-meta-layouts":"default","ast-page-background-enabled":"default","ast-page-background-meta":{"desktop":{"background-color":"","background-image":"","background-repeat":"repeat","background-position":"center center","background-size":"auto","background-attachment":"scroll","background-type":"","background-media":"","overlay-type":"","overlay-color":"","overlay-opacity":"","overlay-gradient":""},"tablet":{"background-color":"","background-image":"","background-repeat":"repeat","background-position":"center center","background-size":"auto","background-attachment":"scroll","background-type":"","background-media":"","overlay-type":"","overlay-color":"","overlay-opacity":"","overlay-gradient":""},"mobile":{"background-color":"","background-image":"","background-repeat":"repeat","background-position":"center center","background-size":"auto","background-attachment":"scroll","background-type":"","background-media":"","overlay-type":"","overlay-color":"","overlay-opacity":"","overlay-gradient":""}},"ast-content-background-meta":{"desktop":{"background-color":"var(--ast-global-color-5)","background-image":"","background-repeat":"repeat","background-position":"center center","background-size":"auto","background-attachment":"scroll","background-type":"","background-media":"","overlay-type":"","overlay-color":"","overlay-opacity":"","overlay-gradient":""},"tablet":{"background-color":"var(--ast-global-color-5)","background-image":"","background-repeat":"repeat","background-position":"center center","background-size":"auto","background-attachment":"scroll","background-type":"","background-media":"","overlay-type":"","overlay-color":"","overlay-opacity":"","overlay-gradient":""},"mobile":{"background-color":"var(--ast-global-color-5)","background-image":"","background-repeat":"repeat","background-position":"center center","background-size":"auto","background-attachment":"scroll","background-type":"","background-media":"","overlay-type":"","overlay-color":"","overlay-opacity":"","overlay-gradient":""}},"footnotes":""},"class_list":["post-16","page","type-page","status-publish","hentry"],"_links":{"self":[{"href":"https:\/\/ecodynamic.md\/ru\/wp-json\/wp\/v2\/pages\/16","targetHints":{"allow":["GET"]}}],"collection":[{"href":"https:\/\/ecodynamic.md\/ru\/wp-json\/wp\/v2\/pages"}],"about":[{"href":"https:\/\/ecodynamic.md\/ru\/wp-json\/wp\/v2\/types\/page"}],"author":[{"embeddable":true,"href":"https:\/\/ecodynamic.md\/ru\/wp-json\/wp\/v2\/users\/1"}],"replies":[{"embeddable":true,"href":"https:\/\/ecodynamic.md\/ru\/wp-json\/wp\/v2\/comments?post=16"}],"version-history":[{"count":0,"href":"https:\/\/ecodynamic.md\/ru\/wp-json\/wp\/v2\/pages\/16\/revisions"}],"wp:attachment":[{"href":"https:\/\/ecodynamic.md\/ru\/wp-json\/wp\/v2\/media?parent=16"}],"curies":[{"name":"wp","href":"https:\/\/api.w.org\/{rel}","templated":true}]}}