{"id":2853,"date":"2025-05-26T18:13:40","date_gmt":"2025-05-26T18:13:40","guid":{"rendered":"https:\/\/ecodynamic.md\/?post_type=product&#038;p=2853"},"modified":"2025-06-26T08:23:34","modified_gmt":"2025-06-26T08:23:34","slug":"hiku6-410wp","status":"publish","type":"product","link":"https:\/\/ecodynamic.md\/ru\/product\/hiku6-410wp\/","title":{"rendered":"HiKu6 -410Wp"},"content":{"rendered":"<div class=\"cms-section p-top-0 pos-1 cms-section-default\">\n<section class=\"cms-section-default boxed\">\n<div class=\"cms-block pos-0 cms-block-product-description-reviews position-relative\">\n<div class=\"cms-block-container\">\n<div class=\"cms-block-container-row row cms-row\">\n<div class=\"col-12\" data-cms-element-id=\"01927a67bc9f723cb8c6ada6c348f8e7\">\n<div class=\"product-detail-tabs cms-element-product-description-reviews\">\n<div class=\"card card-tabs\">\n<div class=\"product-detail-tabs-content card-body\">\n<div class=\"tab-content\">\n<div id=\"description-tab-01932adb8a8571fb8c9873c665160dde-pane\" class=\"tab-pane fade active show\" role=\"tabpanel\" aria-labelledby=\"description-tab-01932adb8a8571fb8c9873c665160dde\">\n<div class=\"offcanvas-body\">\n<div class=\"product-detail-description tab-pane-container\">\n<div class=\"row\">\n<div class=\"col-12\">\n<div class=\"product-detail-description-text\">\n<p data-start=\"158\" data-end=\"702\"><strong data-start=\"158\" data-end=\"200\">Canadian Solar PV-Modul HiKu6 \u2013 410 Wp<\/strong> \u00eembin\u0103 tehnologia avansat\u0103 cu performan\u021ba fiabil\u0103, fiind conceput pentru a oferi randamente ridicate \u00een cele mai diverse condi\u021bii de operare. Acest modul monocristalin cu tehnologie PERC \u0219i 108 celule tip half-cut livreaz\u0103 o putere de 410 Wp \u0219i un curent de func\u021bionare optim, ceea ce \u00eel face ideal pentru sisteme reziden\u021biale \u0219i comerciale de mare eficien\u021b\u0103. Datorit\u0103 presiunii de rezisten\u021b\u0103 crescut\u0103 \u0219i conectivit\u0103\u021bii versatile, panoul este o alegere sigur\u0103 pentru proiectele fotovoltaice de durat\u0103.<\/p>\n<p>&nbsp;<\/p>\n<h3 data-start=\"709\" data-end=\"750\">Caracteristicile produsului pe scurt:<\/h3>\n<p data-start=\"752\" data-end=\"853\">\u2714 <strong data-start=\"754\" data-end=\"775\">Randament crescut<\/strong>: putere nominal\u0103 de 410 Wp \u2013 optimizat pentru eficien\u021b\u0103 energetic\u0103 superioar\u0103<\/p>\n<p data-start=\"855\" data-end=\"971\">\u2714 <strong data-start=\"857\" data-end=\"879\">Tehnologie de v\u00e2rf<\/strong>: celule monocristaline PERC, tehnologie half-cut (108 buc.) pentru performan\u021b\u0103 \u00eembun\u0103t\u0103\u021bit\u0103<\/p>\n<p data-start=\"973\" data-end=\"1075\">\u2714 <strong data-start=\"975\" data-end=\"1001\">Eficien\u021b\u0103 \u00eembun\u0103t\u0103\u021bit\u0103<\/strong>: pierderi reduse la umbrire \u0219i temperatur\u0103 datorit\u0103 arhitecturii avansate<\/p>\n<p data-start=\"1077\" data-end=\"1197\">\u2714 <strong data-start=\"1079\" data-end=\"1095\">Durabilitate<\/strong>: rezisten\u021b\u0103 la sarcini mecanice de p\u00e2n\u0103 la 5400 Pa\/2400 Pa \u2013 ideal pentru condi\u021bii climatice dificile<\/p>\n<p data-start=\"1199\" data-end=\"1291\">\u2714 <strong data-start=\"1201\" data-end=\"1233\">Siguran\u021b\u0103 \u0219i compatibilitate<\/strong>: conectori MC4, integrare u\u0219oar\u0103 \u00een orice sistem standard<\/p>\n<p data-start=\"1293\" data-end=\"1384\">\u2714 <strong data-start=\"1295\" data-end=\"1310\">Fiabilitate<\/strong>: garan\u021bie de 12 ani pentru produs \u0219i 25 de ani pentru performan\u021b\u0103 liniar\u0103<\/p>\n<\/div>\n<\/div>\n<\/div>\n<\/div>\n<\/div>\n<\/div>\n<\/div>\n<\/div>\n<\/div>\n<\/div>\n<\/div>\n<\/div>\n<\/div>\n<\/div>\n<\/section>\n<\/div>","protected":false},"excerpt":{"rendered":"<ul>\n<li data-start=\"1420\" data-end=\"1457\"><strong data-start=\"1420\" data-end=\"1434\">Dimensiuni<\/strong>: 1722 \u00d7 1134 \u00d7 30 mm<\/li>\n<li data-start=\"1460\" data-end=\"1482\"><strong data-start=\"1460\" data-end=\"1475\">Folie spate<\/strong>: Alb<\/li>\n<li data-start=\"1485\" data-end=\"1528\"><strong data-start=\"1485\" data-end=\"1507\">Presiune\/Aspira\u021bie<\/strong>: 5400 Pa \/ 2400 Pa<\/li>\n<li data-start=\"1531\" data-end=\"1581\"><strong data-start=\"1531\" data-end=\"1543\">Garan\u021bie<\/strong>: 12 ani<\/li>\n<\/ul>","protected":false},"featured_media":3150,"comment_status":"open","ping_status":"closed","template":"","meta":{"site-sidebar-layout":"default","site-content-layout":"","ast-site-content-layout":"default","site-content-style":"default","site-sidebar-style":"default","ast-global-header-display":"","ast-banner-title-visibility":"","ast-main-header-display":"","ast-hfb-above-header-display":"","ast-hfb-below-header-display":"","ast-hfb-mobile-header-display":"","site-post-title":"","ast-breadcrumbs-content":"","ast-featured-img":"","footer-sml-layout":"","theme-transparent-header-meta":"default","adv-header-id-meta":"","stick-header-meta":"","header-above-stick-meta":"","header-main-stick-meta":"","header-below-stick-meta":"","astra-migrate-meta-layouts":"set","ast-page-background-enabled":"default","ast-page-background-meta":{"desktop":{"background-color":"","background-image":"","background-repeat":"repeat","background-position":"center center","background-size":"auto","background-attachment":"scroll","background-type":"","background-media":"","overlay-type":"","overlay-color":"","overlay-opacity":"","overlay-gradient":""},"tablet":{"background-color":"","background-image":"","background-repeat":"repeat","background-position":"center center","background-size":"auto","background-attachment":"scroll","background-type":"","background-media":"","overlay-type":"","overlay-color":"","overlay-opacity":"","overlay-gradient":""},"mobile":{"background-color":"","background-image":"","background-repeat":"repeat","background-position":"center center","background-size":"auto","background-attachment":"scroll","background-type":"","background-media":"","overlay-type":"","overlay-color":"","overlay-opacity":"","overlay-gradient":""}},"ast-content-background-meta":{"desktop":{"background-color":"var(--ast-global-color-5)","background-image":"","background-repeat":"repeat","background-position":"center center","background-size":"auto","background-attachment":"scroll","background-type":"","background-media":"","overlay-type":"","overlay-color":"","overlay-opacity":"","overlay-gradient":""},"tablet":{"background-color":"var(--ast-global-color-5)","background-image":"","background-repeat":"repeat","background-position":"center center","background-size":"auto","background-attachment":"scroll","background-type":"","background-media":"","overlay-type":"","overlay-color":"","overlay-opacity":"","overlay-gradient":""},"mobile":{"background-color":"var(--ast-global-color-5)","background-image":"","background-repeat":"repeat","background-position":"center center","background-size":"auto","background-attachment":"scroll","background-type":"","background-media":"","overlay-type":"","overlay-color":"","overlay-opacity":"","overlay-gradient":""}}},"product_brand":[],"product_cat":[21],"product_tag":[60,61,59,58,62,57,51,52,53,54,48,49,47,50],"class_list":{"0":"post-2853","1":"product","2":"type-product","3":"status-publish","4":"has-post-thumbnail","6":"product_cat-panouri-fotovoltaice","7":"product_tag-baterii","8":"product_tag-baterii-panouri-solare","9":"product_tag-baterii-solare","10":"product_tag-invertoare","11":"product_tag-invertoare-panouri-solare","12":"product_tag-invertoare-solare","13":"product_tag-panouri-fotovoltaice","14":"product_tag-panouri-fotovoltaice-chisinau","15":"product_tag-panouri-fotovoltaice-moldova","16":"product_tag-panouri-fotovoltaice-pret-moldova","17":"product_tag-panouri-solare","18":"product_tag-panouri-solare-chisinau","19":"product_tag-panouri-solare-moldova","20":"product_tag-panouri-solare-pret-moldova","21":"desktop-align-left","22":"tablet-align-left","23":"mobile-align-left","25":"first","26":"instock","27":"shipping-taxable","28":"purchasable","29":"product-type-simple"},"_links":{"self":[{"href":"https:\/\/ecodynamic.md\/ru\/wp-json\/wp\/v2\/product\/2853","targetHints":{"allow":["GET"]}}],"collection":[{"href":"https:\/\/ecodynamic.md\/ru\/wp-json\/wp\/v2\/product"}],"about":[{"href":"https:\/\/ecodynamic.md\/ru\/wp-json\/wp\/v2\/types\/product"}],"replies":[{"embeddable":true,"href":"https:\/\/ecodynamic.md\/ru\/wp-json\/wp\/v2\/comments?post=2853"}],"wp:featuredmedia":[{"embeddable":true,"href":"https:\/\/ecodynamic.md\/ru\/wp-json\/wp\/v2\/media\/3150"}],"wp:attachment":[{"href":"https:\/\/ecodynamic.md\/ru\/wp-json\/wp\/v2\/media?parent=2853"}],"wp:term":[{"taxonomy":"product_brand","embeddable":true,"href":"https:\/\/ecodynamic.md\/ru\/wp-json\/wp\/v2\/product_brand?post=2853"},{"taxonomy":"product_cat","embeddable":true,"href":"https:\/\/ecodynamic.md\/ru\/wp-json\/wp\/v2\/product_cat?post=2853"},{"taxonomy":"product_tag","embeddable":true,"href":"https:\/\/ecodynamic.md\/ru\/wp-json\/wp\/v2\/product_tag?post=2853"}],"curies":[{"name":"wp","href":"https:\/\/api.w.org\/{rel}","templated":true}]}}