{"id":2902,"date":"2025-06-18T07:48:30","date_gmt":"2025-06-18T07:48:30","guid":{"rendered":"https:\/\/ecodynamic.md\/?post_type=product&#038;p=2902"},"modified":"2026-03-13T07:35:08","modified_gmt":"2026-03-13T07:35:08","slug":"byd-battery-box-premium-hvs-10-2","status":"publish","type":"product","link":"https:\/\/ecodynamic.md\/ru\/product\/byd-battery-box-premium-hvs-10-2\/","title":{"rendered":"BYD Battery-Box Premium HVS 10.2"},"content":{"rendered":"<p data-start=\"5486\" data-end=\"5671\">\u0412\u044b\u0441\u043e\u043a\u043e\u043a\u0430\u0447\u0435\u0441\u0442\u0432\u0435\u043d\u043d\u0430\u044f \u043c\u043e\u0434\u0443\u043b\u044c\u043d\u0430\u044f LiFePO\u2084 \u0431\u0430\u0442\u0430\u0440\u0435\u044f, \u043f\u0440\u0435\u0434\u043d\u0430\u0437\u043d\u0430\u0447\u0435\u043d\u043d\u0430\u044f \u0434\u043b\u044f \u0445\u0440\u0430\u043d\u0435\u043d\u0438\u044f \u044d\u043d\u0435\u0440\u0433\u0438\u0438 \u0432 \u043c\u043e\u043d\u043e\u0431\u043b\u043e\u0447\u043d\u044b\u0445 \u0441\u0438\u0441\u0442\u0435\u043c\u0430\u0445. \u041c\u0430\u0441\u0448\u0442\u0430\u0431\u0438\u0440\u0443\u0435\u043c\u0430\u044f \u043f\u043e\u0434 \u0432\u044b\u0441\u043e\u043a\u0438\u0435 \u0442\u0440\u0435\u0431\u043e\u0432\u0430\u043d\u0438\u044f \u0441 \u043f\u0440\u0435\u0432\u043e\u0441\u0445\u043e\u0434\u043d\u044b\u043c\u0438 \u0445\u0430\u0440\u0430\u043a\u0442\u0435\u0440\u0438\u0441\u0442\u0438\u043a\u0430\u043c\u0438, \u0431\u0435\u0437\u043e\u043f\u0430\u0441\u043d\u043e\u0441\u0442\u044c\u044e \u0438 \u043d\u0430\u0434\u0435\u0436\u043d\u043e\u0441\u0442\u044c\u044e.<\/p>\n<p data-start=\"5673\" data-end=\"5702\"><strong data-start=\"5673\" data-end=\"5700\">\u0422\u0435\u0445\u043d\u0438\u0447\u0435\u0441\u043a\u0438\u0435 \u043e\u0441\u043e\u0431\u0435\u043d\u043d\u043e\u0441\u0442\u0438:<\/strong><\/p>\n<ul data-start=\"5703\" data-end=\"6063\">\n<li data-start=\"5703\" data-end=\"5785\">\n<p data-start=\"5705\" data-end=\"5785\">\u041d\u043e\u043c\u0438\u043d\u0430\u043b\u044c\u043d\u0430\u044f \u0432\u043c\u0435\u0441\u0442\u0438\u043c\u043e\u0441\u0442\u044c: \u00a0<strong data-start=\"5752\" data-end=\"5764\">10,2\u202fkWh<\/strong> (\u0448\u0442\u0430\u0431\u0435\u043b\u0438\u0440\u0443\u0435\u043c\u044b\u0435 \u043c\u043e\u0434\u0435\u043b\u0438)<\/p>\n<\/li>\n<li data-start=\"5786\" data-end=\"5819\">\n<p data-start=\"5788\" data-end=\"5819\">\u041d\u043e\u043c\u0438\u043d\u0430\u043b\u044c\u043d\u043e\u0435 \u043d\u0430\u043f\u0440\u044f\u0436\u0435\u043d\u0438\u0435: <strong>409\u202fV<\/strong><\/p>\n<\/li>\n<li data-start=\"5820\" data-end=\"5873\">\n<p data-start=\"5822\" data-end=\"5873\">\u0421\u0440\u0435\u0434\u043d\u044f\u044f \u043f\u0440\u043e\u0434\u043e\u043b\u0436\u0438\u0442\u0435\u043b\u044c\u043d\u043e\u0441\u0442\u044c \u0436\u0438\u0437\u043d\u0438: <strong data-start=\"5839\" data-end=\"5858\">&gt;\u202f6\u202f000 cicluri<\/strong> \u0438\u043b\u0438 \u2265 10 \u043b\u0435\u0442<\/p>\n<\/li>\n<li data-start=\"5874\" data-end=\"5934\">\n<p data-start=\"5876\" data-end=\"5934\">\u0418\u043d\u0442\u0435\u0433\u0440\u0438\u0440\u043e\u0432\u0430\u043d\u043d\u0430\u044f \u0441\u0438\u0441\u0442\u0435\u043c\u0430 BMS: \u0437\u0430\u0449\u0438\u0442\u0430 \u043e\u0442 \u043f\u0435\u0440\u0435\u043f\u043e\u043b\u043d\u0435\u043d\u0438\u044f\/\u043d\u0435\u0434\u043e\u043f\u043e\u043b\u043d\u0435\u043d\u0438\u044f, \u0442\u0435\u043f\u043b\u043e\u0432\u0430\u044f \u0437\u0430\u0449\u0438\u0442\u0430<\/p>\n<\/li>\n<li data-start=\"5935\" data-end=\"5987\">\n<p data-start=\"5937\" data-end=\"5987\">Dimensiuni\/greutate: ~1178x585x298 mm \/ 167\u202fkg<\/p>\n<\/li>\n<li data-start=\"5988\" data-end=\"6044\">\n<p data-start=\"5990\" data-end=\"6044\">Scalabilitate: p\u00e2n\u0103 la 3 turnuri \u00een paralel (~38,4\u202fkWh)<\/p>\n<\/li>\n<li data-start=\"6045\" data-end=\"6063\">\n<p data-start=\"6047\" data-end=\"6063\">\u0413\u0430\u0440\u0430\u043d\u0442\u0438\u044f: 10 \u043b\u0435\u0442<\/p>\n<\/li>\n<\/ul>\n<p data-start=\"6065\" data-end=\"6080\"><strong data-start=\"6065\" data-end=\"6078\">\u041f\u0440\u0435\u0438\u043c\u0443\u0449\u0435\u0441\u0442\u0432\u043e:<\/strong><\/p>\n<ul data-start=\"6081\" data-end=\"6244\">\n<li data-start=\"6081\" data-end=\"6137\">\n<p data-start=\"6083\" data-end=\"6137\">\u041e\u0447\u0435\u043d\u044c \u0431\u0435\u0437\u043e\u043f\u0430\u0441\u043d\u043e (\u0445\u0438\u043c\u0438\u044f LiFePO\u2084); \u0434\u043b\u0438\u0442\u0435\u043b\u044c\u043d\u044b\u0439 \u0441\u0440\u043e\u043a \u0441\u043b\u0443\u0436\u0431\u044b<\/p>\n<\/li>\n<li data-start=\"6138\" data-end=\"6190\">\n<p data-start=\"6140\" data-end=\"6190\">\u0418\u0434\u0435\u0430\u043b\u044c\u043d\u043e \u043f\u043e\u0434\u0445\u043e\u0434\u0438\u0442 \u0434\u043b\u044f \u0436\u0438\u043b\u044b\u0445 \u0438 \u043a\u043e\u043c\u043c\u0435\u0440\u0447\u0435\u0441\u043a\u0438\u0445 \u0441\u0438\u0441\u0442\u0435\u043c<\/p>\n<\/li>\n<li data-start=\"6191\" data-end=\"6244\">\n<p data-start=\"6193\" data-end=\"6244\">\u041c\u043e\u0434\u0443\u043b\u044c\u043d\u0430\u044f \u0438 \u0430\u0434\u0430\u043f\u0442\u0438\u0440\u0443\u0435\u043c\u0430\u044f \u0443\u0441\u0442\u0430\u043d\u043e\u0432\u043a\u0430 - \u043b\u0435\u0433\u043a\u043e\u0435 \u0440\u0430\u0441\u0448\u0438\u0440\u0435\u043d\u0438\u0435<\/p>\n<\/li>\n<\/ul>","protected":false},"excerpt":{"rendered":"<p><b>Tipul baterie:\u00a0 LiFePO4<\/b><\/p>\n<p><b>\u0412\u0435\u0441 167 \u043a\u0433<br \/>\n<\/b><\/p>\n<p><a href=\"https:\/\/ecodynamic.md\/wp-content\/uploads\/2025\/06\/BBOX_HVS_Datasheet_RO_V1.0_240703_L-66909b4947596.pdf\" target=\"_blank\" rel=\"noopener\"><b><span style=\"color: #ff6600;\">Datele Tehnice<\/span><\/b><\/a><\/p>","protected":false},"featured_media":3206,"comment_status":"open","ping_status":"closed","template":"","meta":{"site-sidebar-layout":"default","site-content-layout":"","ast-site-content-layout":"default","site-content-style":"default","site-sidebar-style":"default","ast-global-header-display":"","ast-banner-title-visibility":"","ast-main-header-display":"","ast-hfb-above-header-display":"","ast-hfb-below-header-display":"","ast-hfb-mobile-header-display":"","site-post-title":"","ast-breadcrumbs-content":"","ast-featured-img":"","footer-sml-layout":"","theme-transparent-header-meta":"default","adv-header-id-meta":"","stick-header-meta":"","header-above-stick-meta":"","header-main-stick-meta":"","header-below-stick-meta":"","astra-migrate-meta-layouts":"set","ast-page-background-enabled":"default","ast-page-background-meta":{"desktop":{"background-color":"","background-image":"","background-repeat":"repeat","background-position":"center center","background-size":"auto","background-attachment":"scroll","background-type":"","background-media":"","overlay-type":"","overlay-color":"","overlay-opacity":"","overlay-gradient":""},"tablet":{"background-color":"","background-image":"","background-repeat":"repeat","background-position":"center center","background-size":"auto","background-attachment":"scroll","background-type":"","background-media":"","overlay-type":"","overlay-color":"","overlay-opacity":"","overlay-gradient":""},"mobile":{"background-color":"","background-image":"","background-repeat":"repeat","background-position":"center center","background-size":"auto","background-attachment":"scroll","background-type":"","background-media":"","overlay-type":"","overlay-color":"","overlay-opacity":"","overlay-gradient":""}},"ast-content-background-meta":{"desktop":{"background-color":"var(--ast-global-color-5)","background-image":"","background-repeat":"repeat","background-position":"center center","background-size":"auto","background-attachment":"scroll","background-type":"","background-media":"","overlay-type":"","overlay-color":"","overlay-opacity":"","overlay-gradient":""},"tablet":{"background-color":"var(--ast-global-color-5)","background-image":"","background-repeat":"repeat","background-position":"center center","background-size":"auto","background-attachment":"scroll","background-type":"","background-media":"","overlay-type":"","overlay-color":"","overlay-opacity":"","overlay-gradient":""},"mobile":{"background-color":"var(--ast-global-color-5)","background-image":"","background-repeat":"repeat","background-position":"center center","background-size":"auto","background-attachment":"scroll","background-type":"","background-media":"","overlay-type":"","overlay-color":"","overlay-opacity":"","overlay-gradient":""}}},"product_brand":[],"product_cat":[23,24],"product_tag":[60,61,59,58,62,57,51,52,53,54,48,49,47,50],"class_list":{"0":"post-2902","1":"product","2":"type-product","3":"status-publish","4":"has-post-thumbnail","6":"product_cat-baterii","7":"product_cat-byd","8":"product_tag-baterii","9":"product_tag-baterii-panouri-solare","10":"product_tag-baterii-solare","11":"product_tag-invertoare","12":"product_tag-invertoare-panouri-solare","13":"product_tag-invertoare-solare","14":"product_tag-panouri-fotovoltaice","15":"product_tag-panouri-fotovoltaice-chisinau","16":"product_tag-panouri-fotovoltaice-moldova","17":"product_tag-panouri-fotovoltaice-pret-moldova","18":"product_tag-panouri-solare","19":"product_tag-panouri-solare-chisinau","20":"product_tag-panouri-solare-moldova","21":"product_tag-panouri-solare-pret-moldova","22":"desktop-align-left","23":"tablet-align-left","24":"mobile-align-left","26":"first","27":"instock","28":"shipping-taxable","29":"purchasable","30":"product-type-simple"},"_links":{"self":[{"href":"https:\/\/ecodynamic.md\/ru\/wp-json\/wp\/v2\/product\/2902","targetHints":{"allow":["GET"]}}],"collection":[{"href":"https:\/\/ecodynamic.md\/ru\/wp-json\/wp\/v2\/product"}],"about":[{"href":"https:\/\/ecodynamic.md\/ru\/wp-json\/wp\/v2\/types\/product"}],"replies":[{"embeddable":true,"href":"https:\/\/ecodynamic.md\/ru\/wp-json\/wp\/v2\/comments?post=2902"}],"wp:featuredmedia":[{"embeddable":true,"href":"https:\/\/ecodynamic.md\/ru\/wp-json\/wp\/v2\/media\/3206"}],"wp:attachment":[{"href":"https:\/\/ecodynamic.md\/ru\/wp-json\/wp\/v2\/media?parent=2902"}],"wp:term":[{"taxonomy":"product_brand","embeddable":true,"href":"https:\/\/ecodynamic.md\/ru\/wp-json\/wp\/v2\/product_brand?post=2902"},{"taxonomy":"product_cat","embeddable":true,"href":"https:\/\/ecodynamic.md\/ru\/wp-json\/wp\/v2\/product_cat?post=2902"},{"taxonomy":"product_tag","embeddable":true,"href":"https:\/\/ecodynamic.md\/ru\/wp-json\/wp\/v2\/product_tag?post=2902"}],"curies":[{"name":"wp","href":"https:\/\/api.w.org\/{rel}","templated":true}]}}