{"id":2910,"date":"2025-06-18T07:58:59","date_gmt":"2025-06-18T07:58:59","guid":{"rendered":"https:\/\/ecodynamic.md\/?post_type=product&#038;p=2910"},"modified":"2025-11-16T14:11:53","modified_gmt":"2025-11-16T14:11:53","slug":"goodwe-gw5000t-ds","status":"publish","type":"product","link":"https:\/\/ecodynamic.md\/ru\/product\/goodwe-gw5000t-ds\/","title":{"rendered":"GoodWe GW5000T-DS"},"content":{"rendered":"<p data-start=\"3336\" data-end=\"3506\">Invertor monofazat On-Grid, management inteligent al energiei. Ideal pentru consum casnic.<\/p>\n<p data-start=\"3508\" data-end=\"3537\"><strong data-start=\"3508\" data-end=\"3535\">\u0422\u0435\u0445\u043d\u0438\u0447\u0435\u0441\u043a\u0438\u0435 \u043e\u0441\u043e\u0431\u0435\u043d\u043d\u043e\u0441\u0442\u0438:<\/strong><\/p>\n<ul data-start=\"3538\" data-end=\"3857\">\n<li data-start=\"3538\" data-end=\"3585\">\n<p data-start=\"3540\" data-end=\"3585\">\u041d\u043e\u043c\u0438\u043d\u0430\u043b\u044c\u043d\u0430\u044f \u043c\u043e\u0449\u043d\u043e\u0441\u0442\u044c:: <strong data-start=\"3557\" data-end=\"3568\">5\u202fkW AC<\/strong>; DC max: 6,5\u202fkWp<\/p>\n<\/li>\n<li data-start=\"3586\" data-end=\"3620\">\n<p data-start=\"3588\" data-end=\"3620\">2 MPPT; tensiune DC: 80~550\u202fV<\/p>\n<\/li>\n<li data-start=\"3662\" data-end=\"3712\">\n<p data-start=\"3664\" data-end=\"3712\">Und\u0103 sinusoidal\u0103 pur\u0103; eficien\u021b\u0103 maxim\u0103 ~\u202f97,8\u202f%<\/p>\n<\/li>\n<li data-start=\"3713\" data-end=\"3764\">\n<p data-start=\"3715\" data-end=\"3764\">Monitorizare RS485 \/ WiFi \/ LAN<\/p>\n<\/li>\n<li data-start=\"3765\" data-end=\"3817\">\n<p data-start=\"3767\" data-end=\"3817\">Dimensiuni: 354 \u00d7 433 \u00d7 14\u202fmm; greutate: ~13\u202fkg<\/p>\n<\/li>\n<li data-start=\"3818\" data-end=\"3857\">\n<p data-start=\"3820\" data-end=\"3857\">\u0413\u0430\u0440\u0430\u043d\u0442\u0438\u044f: 5 \u043b\u0435\u0442 (\u043e\u043f\u0446\u0438\u043e\u043d\u0430\u043b\u044c\u043d\u043e \u0434\u043e 10)<\/p>\n<\/li>\n<\/ul>\n<p data-start=\"3859\" data-end=\"3874\"><strong data-start=\"3859\" data-end=\"3872\">\u041f\u0440\u0435\u0438\u043c\u0443\u0449\u0435\u0441\u0442\u0432\u043e:<\/strong><\/p>\n<ul data-start=\"3875\" data-end=\"4029\">\n<li data-start=\"3930\" data-end=\"3986\">\n<p data-start=\"3932\" data-end=\"3986\">Monitorizare eficient\u0103<\/p>\n<\/li>\n<li data-start=\"3987\" data-end=\"4029\">\n<p data-start=\"3989\" data-end=\"4029\">\u041f\u0440\u043e\u0441\u0442\u043e\u0442\u0430 \u0443\u0441\u0442\u0430\u043d\u043e\u0432\u043a\u0438 \u0438 \u0432\u044b\u0441\u043e\u043a\u0430\u044f \u043d\u0430\u0434\u0435\u0436\u043d\u043e\u0441\u0442\u044c<\/p>\n<\/li>\n<\/ul>","protected":false},"excerpt":{"rendered":"<p><strong>\u0418\u043d\u0432\u0435\u0440\u0442\u043e\u0440 1~<\/strong><\/p>\n<p><strong>Greutate 13 kg<\/strong><\/p>\n<p><span style=\"color: #ff6600;\"><a style=\"color: #ff6600;\" href=\"https:\/\/ecodynamic.md\/wp-content\/uploads\/2025\/06\/Datasheet-GW-TDS-3-5kw.pdf\" target=\"_blank\" rel=\"noopener\"><strong>\u0422\u0435\u0445\u043d\u0438\u0447\u0435\u0441\u043a\u0438\u0435 \u0434\u0430\u043d\u043d\u044b\u0435<\/strong><\/a><\/span><\/p>","protected":false},"featured_media":3202,"comment_status":"open","ping_status":"closed","template":"","meta":{"site-sidebar-layout":"default","site-content-layout":"","ast-site-content-layout":"default","site-content-style":"default","site-sidebar-style":"default","ast-global-header-display":"","ast-banner-title-visibility":"","ast-main-header-display":"","ast-hfb-above-header-display":"","ast-hfb-below-header-display":"","ast-hfb-mobile-header-display":"","site-post-title":"","ast-breadcrumbs-content":"","ast-featured-img":"","footer-sml-layout":"","theme-transparent-header-meta":"default","adv-header-id-meta":"","stick-header-meta":"","header-above-stick-meta":"","header-main-stick-meta":"","header-below-stick-meta":"","astra-migrate-meta-layouts":"set","ast-page-background-enabled":"default","ast-page-background-meta":{"desktop":{"background-color":"","background-image":"","background-repeat":"repeat","background-position":"center center","background-size":"auto","background-attachment":"scroll","background-type":"","background-media":"","overlay-type":"","overlay-color":"","overlay-opacity":"","overlay-gradient":""},"tablet":{"background-color":"","background-image":"","background-repeat":"repeat","background-position":"center center","background-size":"auto","background-attachment":"scroll","background-type":"","background-media":"","overlay-type":"","overlay-color":"","overlay-opacity":"","overlay-gradient":""},"mobile":{"background-color":"","background-image":"","background-repeat":"repeat","background-position":"center center","background-size":"auto","background-attachment":"scroll","background-type":"","background-media":"","overlay-type":"","overlay-color":"","overlay-opacity":"","overlay-gradient":""}},"ast-content-background-meta":{"desktop":{"background-color":"var(--ast-global-color-5)","background-image":"","background-repeat":"repeat","background-position":"center center","background-size":"auto","background-attachment":"scroll","background-type":"","background-media":"","overlay-type":"","overlay-color":"","overlay-opacity":"","overlay-gradient":""},"tablet":{"background-color":"var(--ast-global-color-5)","background-image":"","background-repeat":"repeat","background-position":"center center","background-size":"auto","background-attachment":"scroll","background-type":"","background-media":"","overlay-type":"","overlay-color":"","overlay-opacity":"","overlay-gradient":""},"mobile":{"background-color":"var(--ast-global-color-5)","background-image":"","background-repeat":"repeat","background-position":"center center","background-size":"auto","background-attachment":"scroll","background-type":"","background-media":"","overlay-type":"","overlay-color":"","overlay-opacity":"","overlay-gradient":""}}},"product_brand":[],"product_cat":[26,22],"product_tag":[60,61,59,58,62,57,51,52,53,54,48,49,47,50],"class_list":{"0":"post-2910","1":"product","2":"type-product","3":"status-publish","4":"has-post-thumbnail","6":"product_cat-goodwe","7":"product_cat-invertoare","8":"product_tag-baterii","9":"product_tag-baterii-panouri-solare","10":"product_tag-baterii-solare","11":"product_tag-invertoare","12":"product_tag-invertoare-panouri-solare","13":"product_tag-invertoare-solare","14":"product_tag-panouri-fotovoltaice","15":"product_tag-panouri-fotovoltaice-chisinau","16":"product_tag-panouri-fotovoltaice-moldova","17":"product_tag-panouri-fotovoltaice-pret-moldova","18":"product_tag-panouri-solare","19":"product_tag-panouri-solare-chisinau","20":"product_tag-panouri-solare-moldova","21":"product_tag-panouri-solare-pret-moldova","22":"desktop-align-left","23":"tablet-align-left","24":"mobile-align-left","26":"first","27":"instock","28":"shipping-taxable","29":"purchasable","30":"product-type-simple"},"_links":{"self":[{"href":"https:\/\/ecodynamic.md\/ru\/wp-json\/wp\/v2\/product\/2910","targetHints":{"allow":["GET"]}}],"collection":[{"href":"https:\/\/ecodynamic.md\/ru\/wp-json\/wp\/v2\/product"}],"about":[{"href":"https:\/\/ecodynamic.md\/ru\/wp-json\/wp\/v2\/types\/product"}],"replies":[{"embeddable":true,"href":"https:\/\/ecodynamic.md\/ru\/wp-json\/wp\/v2\/comments?post=2910"}],"wp:featuredmedia":[{"embeddable":true,"href":"https:\/\/ecodynamic.md\/ru\/wp-json\/wp\/v2\/media\/3202"}],"wp:attachment":[{"href":"https:\/\/ecodynamic.md\/ru\/wp-json\/wp\/v2\/media?parent=2910"}],"wp:term":[{"taxonomy":"product_brand","embeddable":true,"href":"https:\/\/ecodynamic.md\/ru\/wp-json\/wp\/v2\/product_brand?post=2910"},{"taxonomy":"product_cat","embeddable":true,"href":"https:\/\/ecodynamic.md\/ru\/wp-json\/wp\/v2\/product_cat?post=2910"},{"taxonomy":"product_tag","embeddable":true,"href":"https:\/\/ecodynamic.md\/ru\/wp-json\/wp\/v2\/product_tag?post=2910"}],"curies":[{"name":"wp","href":"https:\/\/api.w.org\/{rel}","templated":true}]}}