{"id":2916,"date":"2025-06-18T08:01:45","date_gmt":"2025-06-18T08:01:45","guid":{"rendered":"https:\/\/ecodynamic.md\/?post_type=product&#038;p=2916"},"modified":"2025-07-06T15:10:50","modified_gmt":"2025-07-06T15:10:50","slug":"mppsolar-hybrid-v2-5048","status":"publish","type":"product","link":"https:\/\/ecodynamic.md\/ru\/product\/mppsolar-hybrid-v2-5048\/","title":{"rendered":"MPPSolar Hybrid V2-5048"},"content":{"rendered":"<p data-start=\"1775\" data-end=\"1970\">\u041a\u043e\u043c\u043f\u0430\u043a\u0442\u043d\u044b\u0439 \u0442\u0440\u0435\u0445\u0444\u0430\u0437\u043d\u044b\u0439 \u0433\u0438\u0431\u0440\u0438\u0434\u043d\u044b\u0439 \u0438\u043d\u0432\u0435\u0440\u0442\u043e\u0440 \u0441 \u043a\u043e\u043d\u0441\u0442\u0440\u0443\u043a\u0446\u0438\u0435\u0439 \u00ab\u0432\u0441\u0435 \u0432 \u043e\u0434\u043d\u043e\u043c\u00bb, \u043f\u043e\u0434\u0445\u043e\u0434\u044f\u0449\u0435\u0439 \u0434\u043b\u044f \u0436\u0438\u043b\u044b\u0445 \u0438 \u043a\u043e\u043c\u043c\u0435\u0440\u0447\u0435\u0441\u043a\u0438\u0445 \u0441\u0438\u0441\u0442\u0435\u043c. \u0418\u0434\u0435\u0430\u043b\u044c\u043d\u043e \u043f\u043e\u0434\u0445\u043e\u0434\u0438\u0442 \u0434\u043b\u044f \u0441\u0438\u0441\u0442\u0435\u043c \u0441 \u043d\u0435\u043f\u0440\u0435\u0440\u044b\u0432\u043d\u044b\u043c \u043f\u0438\u0442\u0430\u043d\u0438\u0435\u043c \u0438 \u0432\u0441\u0442\u0440\u043e\u0435\u043d\u043d\u044b\u043c \u043d\u0430\u043a\u043e\u043f\u0438\u0442\u0435\u043b\u0435\u043c.<\/p>\n<p data-start=\"1972\" data-end=\"2001\"><strong data-start=\"1972\" data-end=\"1999\">\u0422\u0435\u0445\u043d\u0438\u0447\u0435\u0441\u043a\u0438\u0435 \u043e\u0441\u043e\u0431\u0435\u043d\u043d\u043e\u0441\u0442\u0438:<\/strong><\/p>\n<ul data-start=\"2002\" data-end=\"2335\">\n<li data-start=\"2002\" data-end=\"2055\">\n<p data-start=\"2004\" data-end=\"2055\">\u041d\u043e\u043c\u0438\u043d\u0430\u043b\u044c\u043d\u0430\u044f \u043c\u043e\u0449\u043d\u043e\u0441\u0442\u044c:: <strong data-start=\"2021\" data-end=\"2032\">5\u202fkW AC<\/strong>; <strong>DC max 5\u202fkW<\/strong>p<\/p>\n<\/li>\n<li data-start=\"2056\" data-end=\"2105\">\n<p data-start=\"2058\" data-end=\"2105\">\u041d\u0430\u043f\u0440\u044f\u0436\u0435\u043d\u0438\u0435 \u0431\u0430\u0442\u0430\u0440\u0435\u0438: <strong data-start=\"2076\" data-end=\"2084\">48\u202fV<\/strong>; 1 MPPT, Max PV Input Voc 450\u202fV DC<\/p>\n<\/li>\n<li data-start=\"2106\" data-end=\"2156\">\n<p data-start=\"2108\" data-end=\"2156\">Und\u0103 sinusoidal\u0103 pur\u0103; eficien\u021b\u0103 maxim\u0103 ~\u202f95\u202f%<\/p>\n<\/li>\n<li data-start=\"2157\" data-end=\"2215\">\n<p data-start=\"2159\" data-end=\"2215\">\u0418\u043d\u0432\u0435\u0440\u0442\u043e\u0440 + \u0437\u0430\u0440\u044f\u0434\u043d\u043e\u0435 \u0443\u0441\u0442\u0440\u043e\u0439\u0441\u0442\u0432\u043e + MPPT \u0432 \u043e\u0434\u043d\u043e\u043c \u0443\u0441\u0442\u0440\u043e\u0439\u0441\u0442\u0432\u0435<\/p>\n<\/li>\n<li data-start=\"2216\" data-end=\"2263\">\n<p data-start=\"2218\" data-end=\"2263\">Comunicare: WLAN op\u021bional, USB, RS232\/Dry Contact<\/p>\n<\/li>\n<li data-start=\"2264\" data-end=\"2317\">\n<p data-start=\"2266\" data-end=\"2317\">Dimensiuni: ~468*295*120, 12 kg<\/p>\n<\/li>\n<li data-start=\"2318\" data-end=\"2335\">\n<p data-start=\"2320\" data-end=\"2335\">\u0413\u0430\u0440\u0430\u043d\u0442\u0438\u044f: 2 \u0433\u043e\u0434\u0430<\/p>\n<\/li>\n<\/ul>\n<p data-start=\"2337\" data-end=\"2352\"><strong data-start=\"2337\" data-end=\"2350\">\u041f\u0440\u0435\u0438\u043c\u0443\u0449\u0435\u0441\u0442\u0432\u043e:<\/strong><\/p>\n<ul data-start=\"2353\" data-end=\"2501\">\n<li data-start=\"2353\" data-end=\"2413\">\n<p data-start=\"2355\" data-end=\"2413\">\u041a\u043e\u043c\u043f\u0430\u043a\u0442\u043d\u043e\u0435 \u0440\u0435\u0448\u0435\u043d\u0438\u0435 \u0434\u043b\u044f \u0430\u0432\u0442\u043e\u043d\u043e\u043c\u043d\u044b\u0445 \u0438\u043b\u0438 \u0433\u0438\u0431\u0440\u0438\u0434\u043d\u044b\u0445 \u0441\u0438\u0441\u0442\u0435\u043c<\/p>\n<\/li>\n<li data-start=\"2414\" data-end=\"2464\">\n<p data-start=\"2416\" data-end=\"2464\">\u0418\u043d\u0442\u0435\u043b\u043b\u0435\u043a\u0442\u0443\u0430\u043b\u044c\u043d\u0430\u044f \u0430\u0432\u0442\u043e\u043c\u0430\u0442\u0438\u0437\u0430\u0446\u0438\u044f \u0438 \u0443\u043f\u0440\u0430\u0432\u043b\u0435\u043d\u0438\u0435 \u0431\u0430\u0442\u0430\u0440\u0435\u044f\u043c\u0438<\/p>\n<\/li>\n<li data-start=\"2465\" data-end=\"2501\">\n<p data-start=\"2467\" data-end=\"2501\">\u041f\u0440\u043e\u0441\u0442\u0430\u044f \u0443\u0441\u0442\u0430\u043d\u043e\u0432\u043a\u0430, \u0431\u044b\u0441\u0442\u0440\u043e\u0435 \u043f\u043e\u0434\u043a\u043b\u044e\u0447\u0435\u043d\u0438\u0435<\/p>\n<\/li>\n<\/ul>","protected":false},"excerpt":{"rendered":"<p><strong>\u0413\u0438\u0431\u0440\u0438\u0434\u043d\u044b\u0439 \u0438\u043d\u0432\u0435\u0440\u0442\u043e\u0440 1~, 48v<\/strong><\/p>\n<p><strong>\u0412\u0435\u0441 12 \u043a\u0433<\/strong><\/p>\n<p><strong><a href=\"https:\/\/ecodynamic.md\/wp-content\/uploads\/2025\/06\/HYBRID-V_V2_.pdf\" target=\"_blank\" rel=\"noopener\">\u0422\u0435\u0445\u043d\u0438\u0447\u0435\u0441\u043a\u0438\u0435 \u0434\u0430\u043d\u043d\u044b\u0435<\/a><\/strong><\/p>","protected":false},"featured_media":3198,"comment_status":"open","ping_status":"closed","template":"","meta":{"site-sidebar-layout":"default","site-content-layout":"","ast-site-content-layout":"default","site-content-style":"default","site-sidebar-style":"default","ast-global-header-display":"","ast-banner-title-visibility":"","ast-main-header-display":"","ast-hfb-above-header-display":"","ast-hfb-below-header-display":"","ast-hfb-mobile-header-display":"","site-post-title":"","ast-breadcrumbs-content":"","ast-featured-img":"","footer-sml-layout":"","theme-transparent-header-meta":"default","adv-header-id-meta":"","stick-header-meta":"","header-above-stick-meta":"","header-main-stick-meta":"","header-below-stick-meta":"","astra-migrate-meta-layouts":"set","ast-page-background-enabled":"default","ast-page-background-meta":{"desktop":{"background-color":"","background-image":"","background-repeat":"repeat","background-position":"center center","background-size":"auto","background-attachment":"scroll","background-type":"","background-media":"","overlay-type":"","overlay-color":"","overlay-opacity":"","overlay-gradient":""},"tablet":{"background-color":"","background-image":"","background-repeat":"repeat","background-position":"center center","background-size":"auto","background-attachment":"scroll","background-type":"","background-media":"","overlay-type":"","overlay-color":"","overlay-opacity":"","overlay-gradient":""},"mobile":{"background-color":"","background-image":"","background-repeat":"repeat","background-position":"center center","background-size":"auto","background-attachment":"scroll","background-type":"","background-media":"","overlay-type":"","overlay-color":"","overlay-opacity":"","overlay-gradient":""}},"ast-content-background-meta":{"desktop":{"background-color":"var(--ast-global-color-5)","background-image":"","background-repeat":"repeat","background-position":"center center","background-size":"auto","background-attachment":"scroll","background-type":"","background-media":"","overlay-type":"","overlay-color":"","overlay-opacity":"","overlay-gradient":""},"tablet":{"background-color":"var(--ast-global-color-5)","background-image":"","background-repeat":"repeat","background-position":"center center","background-size":"auto","background-attachment":"scroll","background-type":"","background-media":"","overlay-type":"","overlay-color":"","overlay-opacity":"","overlay-gradient":""},"mobile":{"background-color":"var(--ast-global-color-5)","background-image":"","background-repeat":"repeat","background-position":"center center","background-size":"auto","background-attachment":"scroll","background-type":"","background-media":"","overlay-type":"","overlay-color":"","overlay-opacity":"","overlay-gradient":""}}},"product_brand":[],"product_cat":[22,28],"product_tag":[60,61,59,58,62,57,51,52,53,54,48,49,47,50],"class_list":{"0":"post-2916","1":"product","2":"type-product","3":"status-publish","4":"has-post-thumbnail","6":"product_cat-invertoare","7":"product_cat-mppsolar","8":"product_tag-baterii","9":"product_tag-baterii-panouri-solare","10":"product_tag-baterii-solare","11":"product_tag-invertoare","12":"product_tag-invertoare-panouri-solare","13":"product_tag-invertoare-solare","14":"product_tag-panouri-fotovoltaice","15":"product_tag-panouri-fotovoltaice-chisinau","16":"product_tag-panouri-fotovoltaice-moldova","17":"product_tag-panouri-fotovoltaice-pret-moldova","18":"product_tag-panouri-solare","19":"product_tag-panouri-solare-chisinau","20":"product_tag-panouri-solare-moldova","21":"product_tag-panouri-solare-pret-moldova","22":"desktop-align-left","23":"tablet-align-left","24":"mobile-align-left","26":"first","27":"instock","28":"shipping-taxable","29":"purchasable","30":"product-type-simple"},"_links":{"self":[{"href":"https:\/\/ecodynamic.md\/ru\/wp-json\/wp\/v2\/product\/2916","targetHints":{"allow":["GET"]}}],"collection":[{"href":"https:\/\/ecodynamic.md\/ru\/wp-json\/wp\/v2\/product"}],"about":[{"href":"https:\/\/ecodynamic.md\/ru\/wp-json\/wp\/v2\/types\/product"}],"replies":[{"embeddable":true,"href":"https:\/\/ecodynamic.md\/ru\/wp-json\/wp\/v2\/comments?post=2916"}],"wp:featuredmedia":[{"embeddable":true,"href":"https:\/\/ecodynamic.md\/ru\/wp-json\/wp\/v2\/media\/3198"}],"wp:attachment":[{"href":"https:\/\/ecodynamic.md\/ru\/wp-json\/wp\/v2\/media?parent=2916"}],"wp:term":[{"taxonomy":"product_brand","embeddable":true,"href":"https:\/\/ecodynamic.md\/ru\/wp-json\/wp\/v2\/product_brand?post=2916"},{"taxonomy":"product_cat","embeddable":true,"href":"https:\/\/ecodynamic.md\/ru\/wp-json\/wp\/v2\/product_cat?post=2916"},{"taxonomy":"product_tag","embeddable":true,"href":"https:\/\/ecodynamic.md\/ru\/wp-json\/wp\/v2\/product_tag?post=2916"}],"curies":[{"name":"wp","href":"https:\/\/api.w.org\/{rel}","templated":true}]}}