{"id":2918,"date":"2025-06-18T08:02:57","date_gmt":"2025-06-18T08:02:57","guid":{"rendered":"https:\/\/ecodynamic.md\/?post_type=product&#038;p=2918"},"modified":"2025-11-16T14:14:07","modified_gmt":"2025-11-16T14:14:07","slug":"mppsolar-pip-gk-3024gk","status":"publish","type":"product","link":"https:\/\/ecodynamic.md\/ru\/product\/mppsolar-pip-gk-3024gk\/","title":{"rendered":"MPPSolar PIP-3024GK"},"content":{"rendered":"<p data-start=\"1021\" data-end=\"1217\">\u0413\u0438\u0431\u0440\u0438\u0434\u043d\u044b\u0439 \u0438\u043d\u0432\u0435\u0440\u0442\u043e\u0440 24 \u0412, \u0438\u0434\u0435\u0430\u043b\u044c\u043d\u043e \u043f\u043e\u0434\u0445\u043e\u0434\u044f\u0449\u0438\u0439 \u0434\u043b\u044f \u0430\u0432\u0442\u043e\u043d\u043e\u043c\u043d\u044b\u0445 \u0438 \u043d\u0435\u0431\u043e\u043b\u044c\u0448\u0438\u0445 \u0433\u0438\u0431\u0440\u0438\u0434\u043d\u044b\u0445 \u0441\u0438\u0441\u0442\u0435\u043c. \u041e\u0431\u0435\u0441\u043f\u0435\u0447\u0438\u0432\u0430\u0435\u0442 \u0441\u043e\u0432\u043c\u0435\u0441\u0442\u0438\u043c\u043e\u0441\u0442\u044c \u0441 \u0441\u0435\u0442\u044c\u044e, \u0441\u043e\u043b\u043d\u0435\u0447\u043d\u044b\u043c\u0438 \u043f\u0430\u043d\u0435\u043b\u044f\u043c\u0438 \u0438 \u0431\u0430\u0442\u0430\u0440\u0435\u044f\u043c\u0438, \u0430 \u0442\u0430\u043a\u0436\u0435 \u043c\u0438\u043a\u0440\u043e\u043f\u0440\u043e\u0446\u0435\u0441\u0441\u043e\u0440\u043d\u0443\u044e \u0438\u043d\u0442\u0435\u043b\u043b\u0435\u043a\u0442\u0443\u0430\u043b\u044c\u043d\u0443\u044e \u0437\u0430\u0440\u044f\u0434\u043a\u0443.<\/p>\n<p data-start=\"1219\" data-end=\"1248\"><strong data-start=\"1219\" data-end=\"1246\">\u0422\u0435\u0445\u043d\u0438\u0447\u0435\u0441\u043a\u0438\u0435 \u043e\u0441\u043e\u0431\u0435\u043d\u043d\u043e\u0441\u0442\u0438:<\/strong><\/p>\n<ul data-start=\"1249\" data-end=\"1559\">\n<li data-start=\"1249\" data-end=\"1304\">\n<p data-start=\"1251\" data-end=\"1304\">\u041d\u043e\u043c\u0438\u043d\u0430\u043b\u044c\u043d\u0430\u044f \u043c\u043e\u0449\u043d\u043e\u0441\u0442\u044c:: <strong data-start=\"1268\" data-end=\"1279\">3\u202fkW AC<\/strong>\u0441\u0442\u0430\u043d\u0434\u0430\u0440\u0442\u043d\u043e\u0435 \u044d\u043b\u0435\u043a\u0442\u0440\u043e\u043f\u0438\u0442\u0430\u043d\u0438\u0435: 230 \u0412<\/p>\n<\/li>\n<li data-start=\"1305\" data-end=\"1357\">\n<p data-start=\"1307\" data-end=\"1357\">\u041d\u0430\u043f\u0440\u044f\u0436\u0435\u043d\u0438\u0435 \u0431\u0430\u0442\u0430\u0440\u0435\u0438: <strong data-start=\"1325\" data-end=\"1333\">24\u202fV<\/strong>; 1 MPPT, Max PV Input Voc 500VDC<\/p>\n<\/li>\n<li data-start=\"1358\" data-end=\"1401\">\n<p data-start=\"1360\" data-end=\"1401\">Und\u0103 sinusoidal\u0103 pur\u0103; eficien\u021b\u0103 \u2265\u202f93\u202f%<\/p>\n<\/li>\n<li data-start=\"1402\" data-end=\"1443\">\n<p data-start=\"1404\" data-end=\"1443\">Puteri de ie\u0219ire: UPS 3\u202fkW<\/p>\n<\/li>\n<li data-start=\"1444\" data-end=\"1490\">\n<p data-start=\"1446\" data-end=\"1490\">\u00cenc\u0103rcare solar\u0103: 80\u202fA;<\/p>\n<\/li>\n<li data-start=\"1491\" data-end=\"1541\">\n<p data-start=\"1493\" data-end=\"1541\">\u0421\u0432\u044f\u0437\u044c: RS-232\/485, \u043f\u043e\u0440\u0442\u0430\u043b Bluetooth\/Wi-Fi<\/p>\n<\/li>\n<li data-start=\"1542\" data-end=\"1559\">\n<p data-start=\"1544\" data-end=\"1559\">\u0413\u0430\u0440\u0430\u043d\u0442\u0438\u044f: 2 \u0433\u043e\u0434\u0430<\/p>\n<\/li>\n<\/ul>\n<p data-start=\"1561\" data-end=\"1576\"><strong data-start=\"1561\" data-end=\"1574\">\u041f\u0440\u0435\u0438\u043c\u0443\u0449\u0435\u0441\u0442\u0432\u043e:<\/strong><\/p>\n<ul data-start=\"1577\" data-end=\"1711\">\n<li data-start=\"1626\" data-end=\"1673\">\n<p data-start=\"1628\" data-end=\"1673\">\u0418\u0434\u0435\u0430\u043b\u044c\u043d\u043e \u043f\u043e\u0434\u0445\u043e\u0434\u0438\u0442 \u0434\u043b\u044f \u0430\u0432\u0442\u043e\u043d\u043e\u043c\u043d\u044b\u0445 \u0438 \u0430\u0432\u0442\u043e\u043d\u043e\u043c\u043d\u044b\u0445 \u0441\u0446\u0435\u043d\u0430\u0440\u0438\u0435\u0432<\/p>\n<\/li>\n<li data-start=\"1674\" data-end=\"1711\">\n<p data-start=\"1676\" data-end=\"1711\">\u041c\u0430\u0441\u0448\u0442\u0430\u0431\u0438\u0440\u0443\u0435\u043c\u044b\u0439 \u0438 \u043f\u0440\u043e\u0441\u0442\u043e\u0439 \u0432 \u0438\u0441\u043f\u043e\u043b\u044c\u0437\u043e\u0432\u0430\u043d\u0438\u0438 \u0434\u0438\u0437\u0430\u0439\u043d<\/p>\n<\/li>\n<\/ul>","protected":false},"excerpt":{"rendered":"<p><strong>\u0418\u043d\u0432\u0435\u0440\u0442\u043e\u0440 Off-Grid 1~, 24 \u0412<\/strong><\/p>\n<p><strong>\u0412\u0435\u0441 11 \u043a\u0433<\/strong><\/p>\n<p><a href=\"https:\/\/ecodynamic.md\/wp-content\/uploads\/2025\/06\/PIP_GK.pdf\" target=\"_blank\" rel=\"noopener\"><strong><span style=\"color: #ff6600;\">\u0422\u0435\u0445\u043d\u0438\u0447\u0435\u0441\u043a\u0438\u0435 \u0434\u0430\u043d\u043d\u044b\u0435<\/span><\/strong><\/a><\/p>","protected":false},"featured_media":3194,"comment_status":"open","ping_status":"closed","template":"","meta":{"site-sidebar-layout":"default","site-content-layout":"","ast-site-content-layout":"default","site-content-style":"default","site-sidebar-style":"default","ast-global-header-display":"","ast-banner-title-visibility":"","ast-main-header-display":"","ast-hfb-above-header-display":"","ast-hfb-below-header-display":"","ast-hfb-mobile-header-display":"","site-post-title":"","ast-breadcrumbs-content":"","ast-featured-img":"","footer-sml-layout":"","theme-transparent-header-meta":"default","adv-header-id-meta":"","stick-header-meta":"","header-above-stick-meta":"","header-main-stick-meta":"","header-below-stick-meta":"","astra-migrate-meta-layouts":"set","ast-page-background-enabled":"default","ast-page-background-meta":{"desktop":{"background-color":"","background-image":"","background-repeat":"repeat","background-position":"center center","background-size":"auto","background-attachment":"scroll","background-type":"","background-media":"","overlay-type":"","overlay-color":"","overlay-opacity":"","overlay-gradient":""},"tablet":{"background-color":"","background-image":"","background-repeat":"repeat","background-position":"center center","background-size":"auto","background-attachment":"scroll","background-type":"","background-media":"","overlay-type":"","overlay-color":"","overlay-opacity":"","overlay-gradient":""},"mobile":{"background-color":"","background-image":"","background-repeat":"repeat","background-position":"center center","background-size":"auto","background-attachment":"scroll","background-type":"","background-media":"","overlay-type":"","overlay-color":"","overlay-opacity":"","overlay-gradient":""}},"ast-content-background-meta":{"desktop":{"background-color":"var(--ast-global-color-5)","background-image":"","background-repeat":"repeat","background-position":"center center","background-size":"auto","background-attachment":"scroll","background-type":"","background-media":"","overlay-type":"","overlay-color":"","overlay-opacity":"","overlay-gradient":""},"tablet":{"background-color":"var(--ast-global-color-5)","background-image":"","background-repeat":"repeat","background-position":"center center","background-size":"auto","background-attachment":"scroll","background-type":"","background-media":"","overlay-type":"","overlay-color":"","overlay-opacity":"","overlay-gradient":""},"mobile":{"background-color":"var(--ast-global-color-5)","background-image":"","background-repeat":"repeat","background-position":"center center","background-size":"auto","background-attachment":"scroll","background-type":"","background-media":"","overlay-type":"","overlay-color":"","overlay-opacity":"","overlay-gradient":""}}},"product_brand":[],"product_cat":[22,28],"product_tag":[60,61,59,58,62,57,51,52,53,54,48,49,47,50],"class_list":{"0":"post-2918","1":"product","2":"type-product","3":"status-publish","4":"has-post-thumbnail","6":"product_cat-invertoare","7":"product_cat-mppsolar","8":"product_tag-baterii","9":"product_tag-baterii-panouri-solare","10":"product_tag-baterii-solare","11":"product_tag-invertoare","12":"product_tag-invertoare-panouri-solare","13":"product_tag-invertoare-solare","14":"product_tag-panouri-fotovoltaice","15":"product_tag-panouri-fotovoltaice-chisinau","16":"product_tag-panouri-fotovoltaice-moldova","17":"product_tag-panouri-fotovoltaice-pret-moldova","18":"product_tag-panouri-solare","19":"product_tag-panouri-solare-chisinau","20":"product_tag-panouri-solare-moldova","21":"product_tag-panouri-solare-pret-moldova","22":"desktop-align-left","23":"tablet-align-left","24":"mobile-align-left","26":"first","27":"instock","28":"shipping-taxable","29":"purchasable","30":"product-type-simple"},"_links":{"self":[{"href":"https:\/\/ecodynamic.md\/ru\/wp-json\/wp\/v2\/product\/2918","targetHints":{"allow":["GET"]}}],"collection":[{"href":"https:\/\/ecodynamic.md\/ru\/wp-json\/wp\/v2\/product"}],"about":[{"href":"https:\/\/ecodynamic.md\/ru\/wp-json\/wp\/v2\/types\/product"}],"replies":[{"embeddable":true,"href":"https:\/\/ecodynamic.md\/ru\/wp-json\/wp\/v2\/comments?post=2918"}],"wp:featuredmedia":[{"embeddable":true,"href":"https:\/\/ecodynamic.md\/ru\/wp-json\/wp\/v2\/media\/3194"}],"wp:attachment":[{"href":"https:\/\/ecodynamic.md\/ru\/wp-json\/wp\/v2\/media?parent=2918"}],"wp:term":[{"taxonomy":"product_brand","embeddable":true,"href":"https:\/\/ecodynamic.md\/ru\/wp-json\/wp\/v2\/product_brand?post=2918"},{"taxonomy":"product_cat","embeddable":true,"href":"https:\/\/ecodynamic.md\/ru\/wp-json\/wp\/v2\/product_cat?post=2918"},{"taxonomy":"product_tag","embeddable":true,"href":"https:\/\/ecodynamic.md\/ru\/wp-json\/wp\/v2\/product_tag?post=2918"}],"curies":[{"name":"wp","href":"https:\/\/api.w.org\/{rel}","templated":true}]}}