{"id":2930,"date":"2025-06-18T08:20:17","date_gmt":"2025-06-18T08:20:17","guid":{"rendered":"https:\/\/ecodynamic.md\/?post_type=product&#038;p=2930"},"modified":"2026-04-07T13:50:04","modified_gmt":"2026-04-07T13:50:04","slug":"zeus-1-0-108-m-450-43-a-transparent","status":"publish","type":"product","link":"https:\/\/ecodynamic.md\/ru\/product\/zeus-1-0-108-m-450-43-a-transparent\/","title":{"rendered":"Heckert Solar Zeus 1.1 96 455 (A) Glass-Glass Performance 455Wp."},"content":{"rendered":"<p data-start=\"1046\" data-end=\"1102\"><span class=\"relative -mx-px my-[-0.2rem] rounded px-px py-[0.2rem] transition-colors duration-100 ease-in-out\"><strong>Panou German<\/strong>, tehnologie n-type TOPCon, cu eficien\u021b\u0103 ridicat\u0103 \u0219i randament \u00eembun\u0103t\u0103\u021bit din partea posterioar\u0103. Ideal pentru instal\u0103ri economice \u0219i estetice, cu cadru negru elegant.<\/span><\/p>\n<p data-start=\"1104\" data-end=\"1133\"><strong data-start=\"1104\" data-end=\"1131\">\u0422\u0435\u0445\u043d\u0438\u0447\u0435\u0441\u043a\u0438\u0435 \u043e\u0441\u043e\u0431\u0435\u043d\u043d\u043e\u0441\u0442\u0438:<\/strong><\/p>\n<ul data-start=\"1134\" data-end=\"1701\">\n<li data-start=\"1134\" data-end=\"1217\">\n<p data-start=\"1136\" data-end=\"1217\"><span class=\"relative -mx-px my-[-0.2rem] rounded px-px py-[0.2rem] transition-colors duration-100 ease-in-out\">Putere nominal\u0103: 455\u202fWp; eficien\u021b\u0103: 22,8%<\/span><\/p>\n<\/li>\n<li data-start=\"1218\" data-end=\"1301\">\n<p data-start=\"1220\" data-end=\"1301\"><span class=\"relative -mx-px my-[-0.2rem] rounded px-px py-[0.2rem] transition-colors duration-100 ease-in-out\">Dimensiuni: 1762\u202f\u00d7\u202f1134\u202f\u00d7\u202f30\u202fmm; greutate: 23,7kg<\/span><\/p>\n<\/li>\n<li data-start=\"1302\" data-end=\"1385\">\n<p data-start=\"1304\" data-end=\"1385\"><span class=\"relative -mx-px my-[-0.2rem] rounded px-px py-[0.2rem] transition-colors duration-100 ease-in-out\">\u041a\u043e\u043d\u0441\u0442\u0440\u0443\u043a\u0446\u0438\u044f \u0438\u0437 \u0441\u0442\u0435\u043a\u043b\u0430 + \u0447\u0435\u0440\u043d\u0430\u044f \u0440\u0430\u043c\u043a\u0430; \u0443\u0440\u043e\u0432\u0435\u043d\u044c \u043f\u043b\u0430\u043c\u0435\u043d\u0438 B; \u0440\u0430\u0441\u043f\u0440\u0435\u0434\u0435\u043b\u0438\u0442\u0435\u043b\u044c\u043d\u0430\u044f \u043a\u043e\u0440\u043e\u0431\u043a\u0430 IP68<\/span><\/p>\n<\/li>\n<li data-start=\"1386\" data-end=\"1469\">\n<p data-start=\"1388\" data-end=\"1469\"><span class=\"relative -mx-px my-[-0.2rem] rounded px-px py-[0.2rem] transition-colors duration-100 ease-in-out\">Rezisten\u021b\u0103 mecanic\u0103: 8100\u202fPa presiune, 2400\u202fPa suctiune<\/span><\/p>\n<\/li>\n<li data-start=\"1470\" data-end=\"1553\">\n<p data-start=\"1472\" data-end=\"1553\"><span class=\"relative -mx-px my-[-0.2rem] rounded px-px py-[0.2rem] transition-colors duration-100 ease-in-out\">\u041c\u0430\u043a\u0441\u0438\u043c\u0430\u043b\u044c\u043d\u043e\u0435 \u043d\u0430\u043f\u0440\u044f\u0436\u0435\u043d\u0438\u0435 \u0441\u0438\u0441\u0442\u0435\u043c\u044b: 1500 \u0412 \u043f\u043e\u0441\u0442\u043e\u044f\u043d\u043d\u043e\u0433\u043e \u0442\u043e\u043a\u0430; \u0440\u0430\u0437\u044a\u0435\u043c\u044b St\u00e4ubli MC4-EVO 2A<\/span><\/p>\n<\/li>\n<li data-start=\"1554\" data-end=\"1637\">\n<p data-start=\"1556\" data-end=\"1637\"><span class=\"relative -mx-px my-[-0.2rem] rounded px-px py-[0.2rem] transition-colors duration-100 ease-in-out\"><strong>\u0413\u0430\u0440\u0430\u043d\u0442\u0438\u044f: 30 \u043b\u0435\u0442<\/strong> pe produs \u0219i performan\u021b\u0103<\/span><\/p>\n<\/li>\n<li data-start=\"1638\" data-end=\"1701\">\n<p data-start=\"1640\" data-end=\"1701\">Topologie celule: 96 half-cells, monocristalin n-type TOPCon<\/p>\n<\/li>\n<\/ul>\n<p data-start=\"1703\" data-end=\"1718\"><strong data-start=\"1703\" data-end=\"1716\">\u041f\u0440\u0435\u0438\u043c\u0443\u0449\u0435\u0441\u0442\u0432\u043e:<\/strong><\/p>\n<ul data-start=\"1719\" data-end=\"1885\">\n<li data-start=\"1719\" data-end=\"1772\">\n<p data-start=\"1721\" data-end=\"1772\">Randament \u00eenalt<\/p>\n<\/li>\n<li data-start=\"1773\" data-end=\"1824\">\n<p data-start=\"1775\" data-end=\"1824\">\u041e\u0442\u043b\u0438\u0447\u043d\u0430\u044f \u0432\u044b\u0436\u0438\u0432\u0430\u0435\u043c\u043e\u0441\u0442\u044c \u043f\u0440\u0438 \u0432\u044b\u0441\u043e\u043a\u0438\u0445 \u0442\u0435\u043c\u043f\u0435\u0440\u0430\u0442\u0443\u0440\u0430\u0445<\/p>\n<\/li>\n<li data-start=\"1825\" data-end=\"1885\">\n<p data-start=\"1827\" data-end=\"1885\">Perfect pentru proiecte solare exigente care combina estetica si eficienta.<\/p>\n<\/li>\n<\/ul>","protected":false},"excerpt":{"rendered":"<p><strong>\u0413\u0430\u0440\u0430\u043d\u0442\u0438\u044f: 30 \u043b\u0435\u0442<\/strong><\/p>\n<p><span style=\"color: #ff6600;\"><a style=\"color: #ff6600;\" href=\"https:\/\/ecodynamic.md\/wp-content\/uploads\/2026\/03\/Zeus_1.1x_450-460Wp.pdf\" target=\"_blank\" rel=\"noopener\"><strong>Datele Tehnice<\/strong><\/a><\/span><\/p>","protected":false},"featured_media":3505,"comment_status":"open","ping_status":"closed","template":"","meta":{"site-sidebar-layout":"default","site-content-layout":"","ast-site-content-layout":"default","site-content-style":"default","site-sidebar-style":"default","ast-global-header-display":"","ast-banner-title-visibility":"","ast-main-header-display":"","ast-hfb-above-header-display":"","ast-hfb-below-header-display":"","ast-hfb-mobile-header-display":"","site-post-title":"","ast-breadcrumbs-content":"","ast-featured-img":"","footer-sml-layout":"","theme-transparent-header-meta":"default","adv-header-id-meta":"","stick-header-meta":"","header-above-stick-meta":"","header-main-stick-meta":"","header-below-stick-meta":"","astra-migrate-meta-layouts":"set","ast-page-background-enabled":"default","ast-page-background-meta":{"desktop":{"background-color":"","background-image":"","background-repeat":"repeat","background-position":"center center","background-size":"auto","background-attachment":"scroll","background-type":"","background-media":"","overlay-type":"","overlay-color":"","overlay-opacity":"","overlay-gradient":""},"tablet":{"background-color":"","background-image":"","background-repeat":"repeat","background-position":"center center","background-size":"auto","background-attachment":"scroll","background-type":"","background-media":"","overlay-type":"","overlay-color":"","overlay-opacity":"","overlay-gradient":""},"mobile":{"background-color":"","background-image":"","background-repeat":"repeat","background-position":"center center","background-size":"auto","background-attachment":"scroll","background-type":"","background-media":"","overlay-type":"","overlay-color":"","overlay-opacity":"","overlay-gradient":""}},"ast-content-background-meta":{"desktop":{"background-color":"var(--ast-global-color-5)","background-image":"","background-repeat":"repeat","background-position":"center center","background-size":"auto","background-attachment":"scroll","background-type":"","background-media":"","overlay-type":"","overlay-color":"","overlay-opacity":"","overlay-gradient":""},"tablet":{"background-color":"var(--ast-global-color-5)","background-image":"","background-repeat":"repeat","background-position":"center center","background-size":"auto","background-attachment":"scroll","background-type":"","background-media":"","overlay-type":"","overlay-color":"","overlay-opacity":"","overlay-gradient":""},"mobile":{"background-color":"var(--ast-global-color-5)","background-image":"","background-repeat":"repeat","background-position":"center center","background-size":"auto","background-attachment":"scroll","background-type":"","background-media":"","overlay-type":"","overlay-color":"","overlay-opacity":"","overlay-gradient":""}}},"product_brand":[],"product_cat":[31,21],"product_tag":[60,61,59,58,62,57,51,52,53,54,48,49,47,50],"class_list":{"0":"post-2930","1":"product","2":"type-product","3":"status-publish","4":"has-post-thumbnail","6":"product_cat-heckert-solar","7":"product_cat-panouri-fotovoltaice","8":"product_tag-baterii","9":"product_tag-baterii-panouri-solare","10":"product_tag-baterii-solare","11":"product_tag-invertoare","12":"product_tag-invertoare-panouri-solare","13":"product_tag-invertoare-solare","14":"product_tag-panouri-fotovoltaice","15":"product_tag-panouri-fotovoltaice-chisinau","16":"product_tag-panouri-fotovoltaice-moldova","17":"product_tag-panouri-fotovoltaice-pret-moldova","18":"product_tag-panouri-solare","19":"product_tag-panouri-solare-chisinau","20":"product_tag-panouri-solare-moldova","21":"product_tag-panouri-solare-pret-moldova","22":"desktop-align-left","23":"tablet-align-left","24":"mobile-align-left","26":"first","27":"instock","28":"shipping-taxable","29":"purchasable","30":"product-type-simple"},"_links":{"self":[{"href":"https:\/\/ecodynamic.md\/ru\/wp-json\/wp\/v2\/product\/2930","targetHints":{"allow":["GET"]}}],"collection":[{"href":"https:\/\/ecodynamic.md\/ru\/wp-json\/wp\/v2\/product"}],"about":[{"href":"https:\/\/ecodynamic.md\/ru\/wp-json\/wp\/v2\/types\/product"}],"replies":[{"embeddable":true,"href":"https:\/\/ecodynamic.md\/ru\/wp-json\/wp\/v2\/comments?post=2930"}],"wp:featuredmedia":[{"embeddable":true,"href":"https:\/\/ecodynamic.md\/ru\/wp-json\/wp\/v2\/media\/3505"}],"wp:attachment":[{"href":"https:\/\/ecodynamic.md\/ru\/wp-json\/wp\/v2\/media?parent=2930"}],"wp:term":[{"taxonomy":"product_brand","embeddable":true,"href":"https:\/\/ecodynamic.md\/ru\/wp-json\/wp\/v2\/product_brand?post=2930"},{"taxonomy":"product_cat","embeddable":true,"href":"https:\/\/ecodynamic.md\/ru\/wp-json\/wp\/v2\/product_cat?post=2930"},{"taxonomy":"product_tag","embeddable":true,"href":"https:\/\/ecodynamic.md\/ru\/wp-json\/wp\/v2\/product_tag?post=2930"}],"curies":[{"name":"wp","href":"https:\/\/api.w.org\/{rel}","templated":true}]}}