{"id":2933,"date":"2025-06-18T08:22:53","date_gmt":"2025-06-18T08:22:53","guid":{"rendered":"https:\/\/ecodynamic.md\/?post_type=product&#038;p=2933"},"modified":"2025-07-06T14:49:12","modified_gmt":"2025-07-06T14:49:12","slug":"kaco-blueplanet-10-0-nx3-m2","status":"publish","type":"product","link":"https:\/\/ecodynamic.md\/ru\/product\/kaco-blueplanet-10-0-nx3-m2\/","title":{"rendered":"KACO blueplanet 10.0 NX3 M2"},"content":{"rendered":"<p data-start=\"108\" data-end=\"162\"><span class=\"relative -mx-px my-[-0.2rem] rounded px-px py-[0.2rem] transition-colors duration-100 ease-in-out\">\u041d\u0430\u0434\u0435\u0436\u043d\u044b\u0439 \u0438 \u044d\u0444\u0444\u0435\u043a\u0442\u0438\u0432\u043d\u044b\u0439 \u043d\u0435\u043c\u0435\u0446\u043a\u0438\u0439 \u0442\u0440\u0435\u0445\u0444\u0430\u0437\u043d\u044b\u0439 \u0438\u043d\u0432\u0435\u0440\u0442\u043e\u0440 \u0434\u043b\u044f \u0436\u0438\u043b\u044b\u0445 \u0438 \u043a\u043e\u043c\u043c\u0435\u0440\u0447\u0435\u0441\u043a\u0438\u0445 \u0441\u0438\u0441\u0442\u0435\u043c \u043c\u043e\u0449\u043d\u043e\u0441\u0442\u044c\u044e \u0434\u043e 10 \u043a\u0412\u0442. \u041e\u0442\u043b\u0438\u0447\u0430\u0435\u0442\u0441\u044f \u0441\u043e\u0432\u0440\u0435\u043c\u0435\u043d\u043d\u044b\u043c\u0438 \u0442\u0435\u0445\u043d\u043e\u043b\u043e\u0433\u0438\u044f\u043c\u0438, \u043e\u0431\u043b\u0435\u0433\u0447\u0430\u044e\u0449\u0438\u043c\u0438 \u0443\u0441\u0442\u0430\u043d\u043e\u0432\u043a\u0443, \u0431\u0435\u0441\u043f\u0440\u043e\u0432\u043e\u0434\u043d\u044b\u043c \u043c\u043e\u043d\u0438\u0442\u043e\u0440\u0438\u043d\u0433\u043e\u043c \u0438 \u0443\u0441\u043e\u0432\u0435\u0440\u0448\u0435\u043d\u0441\u0442\u0432\u043e\u0432\u0430\u043d\u043d\u043e\u0439 \u0437\u0430\u0449\u0438\u0442\u043e\u0439.<\/span><\/p>\n<p data-start=\"164\" data-end=\"193\"><strong data-start=\"164\" data-end=\"191\">\u0422\u0435\u0445\u043d\u0438\u0447\u0435\u0441\u043a\u0438\u0435 \u043e\u0441\u043e\u0431\u0435\u043d\u043d\u043e\u0441\u0442\u0438:<\/strong><\/p>\n<ul data-start=\"194\" data-end=\"813\">\n<li data-start=\"194\" data-end=\"235\">\n<p data-start=\"196\" data-end=\"235\"><span class=\"relative -mx-px my-[-0.2rem] rounded px-px py-[0.2rem] transition-colors duration-100 ease-in-out\">\u041d\u043e\u043c\u0438\u043d\u0430\u043b\u044c\u043d\u0430\u044f \u043c\u043e\u0449\u043d\u043e\u0441\u0442\u044c \u043f\u0435\u0440\u0435\u043c\u0435\u043d\u043d\u043e\u0433\u043e \u0442\u043e\u043a\u0430: 10 \u043a\u0412\u0442; \u043f\u043e\u0441\u0442\u043e\u044f\u043d\u043d\u043e\u0433\u043e \u0442\u043e\u043a\u0430: 15 \u043a\u0412\u0442<\/span><\/p>\n<\/li>\n<li data-start=\"236\" data-end=\"315\">\n<p data-start=\"238\" data-end=\"315\"><span class=\"relative -mx-px my-[-0.2rem] rounded px-px py-[0.2rem] transition-colors duration-100 ease-in-out\">2 MPPT, \u043d\u0430\u043f\u0440\u044f\u0436\u0435\u043d\u0438\u0435 MPP: 150-1000 \u0412 (\u043d\u0430\u0447\u0438\u043d\u0430\u0435\u0442\u0441\u044f \u043e\u0442 180 \u0412)<\/span><\/p>\n<\/li>\n<li data-start=\"396\" data-end=\"475\">\n<p data-start=\"398\" data-end=\"475\"><span class=\"relative -mx-px my-[-0.2rem] rounded px-px py-[0.2rem] transition-colors duration-100 ease-in-out\">Eficien\u021b\u0103: p\u00e2n\u0103 la 97,7%<\/span><\/p>\n<\/li>\n<li data-start=\"476\" data-end=\"557\">\n<p data-start=\"478\" data-end=\"557\"><span class=\"relative -mx-px my-[-0.2rem] rounded px-px py-[0.2rem] transition-colors duration-100 ease-in-out\">\u0412\u0441\u0442\u0440\u043e\u0435\u043d\u043d\u044b\u0435 \u0441\u0440\u0435\u0434\u0441\u0442\u0432\u0430 \u0437\u0430\u0449\u0438\u0442\u044b: SPD DC \u0442\u0438\u043f II, SPD AC \u0442\u0438\u043f III, \u0430\u0432\u0442\u043e\u043c\u0430\u0442\u0438\u0447\u0435\u0441\u043a\u0438\u0439 \u0432\u044b\u043a\u043b\u044e\u0447\u0430\u0442\u0435\u043b\u044c \u043f\u043e\u0441\u0442\u043e\u044f\u043d\u043d\u043e\u0433\u043e \u0442\u043e\u043a\u0430, \u0437\u0430\u0449\u0438\u0442\u0430 \u043e\u0442 \u043e\u0431\u0440\u0430\u0442\u043d\u043e\u0439 \u043f\u043e\u043b\u044f\u0440\u043d\u043e\u0441\u0442\u0438<\/span><\/p>\n<\/li>\n<li data-start=\"558\" data-end=\"601\">\n<p data-start=\"560\" data-end=\"601\"><span class=\"relative -mx-px my-[-0.2rem] rounded px-px py-[0.2rem] transition-colors duration-100 ease-in-out\">\u0421\u0432\u044f\u0437\u044c: Wi-Fi + RS-485 + \u043c\u043e\u0431\u0438\u043b\u044c\u043d\u043e\u0435 \u043f\u0440\u0438\u043b\u043e\u0436\u0435\u043d\u0438\u0435<\/span><\/p>\n<\/li>\n<li data-start=\"602\" data-end=\"645\">\n<p data-start=\"604\" data-end=\"645\"><span class=\"relative -mx-px my-[-0.2rem] rounded px-px py-[0.2rem] transition-colors duration-100 ease-in-out\">\u041a\u043b\u0430\u0441\u0441 \u0437\u0430\u0449\u0438\u0442\u044b: IP65<\/span><\/p>\n<\/li>\n<li data-start=\"646\" data-end=\"729\">\n<p data-start=\"648\" data-end=\"729\"><span class=\"relative -mx-px my-[-0.2rem] rounded px-px py-[0.2rem] transition-colors duration-100 ease-in-out\">\u0420\u0430\u0437\u043c\u0435\u0440\u044b: 435 \u00d7 503 \u00d7 183 \u043c\u043c; \u0432\u0435\u0441: ~16 \u043a\u0433<\/span><\/p>\n<\/li>\n<li data-start=\"730\" data-end=\"813\">\n<p data-start=\"732\" data-end=\"813\"><span class=\"relative -mx-px my-[-0.2rem] rounded px-px py-[0.2rem] transition-colors duration-100 ease-in-out\">\u0421\u0442\u0430\u043d\u0434\u0430\u0440\u0442\u043d\u0430\u044f \u0433\u0430\u0440\u0430\u043d\u0442\u0438\u044f: 5 \u043b\u0435\u0442 (\u043e\u043f\u0446\u0438\u043e\u043d\u0430\u043b\u044c\u043d\u043e \u043f\u0440\u043e\u0434\u043b\u0435\u0432\u0430\u0435\u0442\u0441\u044f \u0434\u043e 10 \u043b\u0435\u0442)<\/span><\/p>\n<\/li>\n<\/ul>\n<p data-start=\"815\" data-end=\"830\"><strong data-start=\"815\" data-end=\"828\">\u041f\u0440\u0435\u0438\u043c\u0443\u0449\u0435\u0441\u0442\u0432\u043e:<\/strong><\/p>\n<ul data-start=\"831\" data-end=\"960\">\n<li data-start=\"831\" data-end=\"874\">\n<p data-start=\"833\" data-end=\"874\"><span class=\"relative -mx-px my-[-0.2rem] rounded px-px py-[0.2rem] transition-colors duration-100 ease-in-out\">\u0413\u0438\u0431\u043a\u0430\u044f \u043a\u043e\u043d\u0444\u0438\u0433\u0443\u0440\u0430\u0446\u0438\u044f \u0431\u043b\u0430\u0433\u043e\u0434\u0430\u0440\u044f 2 MPPT<\/span><\/p>\n<\/li>\n<li data-start=\"875\" data-end=\"918\">\n<p data-start=\"877\" data-end=\"918\"><span class=\"relative -mx-px my-[-0.2rem] rounded px-px py-[0.2rem] transition-colors duration-100 ease-in-out\">\u0411\u044b\u0441\u0442\u0440\u044b\u0439 \u043a\u043e\u043d\u0442\u0440\u043e\u043b\u044c \u0438 \u043d\u0430\u0441\u0442\u0440\u043e\u0439\u043a\u0438 \u0432 \u043f\u0440\u0438\u043b\u043e\u0436\u0435\u043d\u0438\u0438<\/span><\/p>\n<\/li>\n<li data-start=\"919\" data-end=\"960\">\n<p data-start=\"921\" data-end=\"960\"><span class=\"relative -mx-px my-[-0.2rem] rounded px-px py-[0.2rem] transition-colors duration-100 ease-in-out\">\u0423\u0441\u043e\u0432\u0435\u0440\u0448\u0435\u043d\u0441\u0442\u0432\u043e\u0432\u0430\u043d\u043d\u044b\u0435 \u0441\u0440\u0435\u0434\u0441\u0442\u0432\u0430 \u0437\u0430\u0449\u0438\u0442\u044b \u0434\u043b\u044f \u0434\u043e\u043b\u0433\u043e\u0432\u0440\u0435\u043c\u0435\u043d\u043d\u043e\u0439 \u043d\u0430\u0434\u0435\u0436\u043d\u043e\u0441\u0442\u0438<\/span><\/p>\n<\/li>\n<\/ul>","protected":false},"excerpt":{"rendered":"<p><strong>\u0418\u043d\u0432\u0435\u0440\u0442\u043e\u0440 On-Grid 3~, 2 \u0442\u0440\u0435\u043a\u0435\u0440\u0430 MPP<\/strong><\/p>\n<p><strong>\u0412\u0435\u0441 16 \u043a\u0433<\/strong><\/p>\n<p><a href=\"https:\/\/ecodynamic.md\/wp-content\/uploads\/2025\/06\/DTS_BP-8-20-NX3-en.pdf\" target=\"_blank\" rel=\"noopener\"><span style=\"color: #008000;\"><strong>\u0422\u0435\u0445\u043d\u0438\u0447\u0435\u0441\u043a\u0438\u0435 \u0434\u0430\u043d\u043d\u044b\u0435<\/strong><\/span><\/a><\/p>","protected":false},"featured_media":3197,"comment_status":"open","ping_status":"closed","template":"","meta":{"site-sidebar-layout":"default","site-content-layout":"","ast-site-content-layout":"default","site-content-style":"default","site-sidebar-style":"default","ast-global-header-display":"","ast-banner-title-visibility":"","ast-main-header-display":"","ast-hfb-above-header-display":"","ast-hfb-below-header-display":"","ast-hfb-mobile-header-display":"","site-post-title":"","ast-breadcrumbs-content":"","ast-featured-img":"","footer-sml-layout":"","theme-transparent-header-meta":"default","adv-header-id-meta":"","stick-header-meta":"","header-above-stick-meta":"","header-main-stick-meta":"","header-below-stick-meta":"","astra-migrate-meta-layouts":"set","ast-page-background-enabled":"default","ast-page-background-meta":{"desktop":{"background-color":"","background-image":"","background-repeat":"repeat","background-position":"center center","background-size":"auto","background-attachment":"scroll","background-type":"","background-media":"","overlay-type":"","overlay-color":"","overlay-opacity":"","overlay-gradient":""},"tablet":{"background-color":"","background-image":"","background-repeat":"repeat","background-position":"center center","background-size":"auto","background-attachment":"scroll","background-type":"","background-media":"","overlay-type":"","overlay-color":"","overlay-opacity":"","overlay-gradient":""},"mobile":{"background-color":"","background-image":"","background-repeat":"repeat","background-position":"center center","background-size":"auto","background-attachment":"scroll","background-type":"","background-media":"","overlay-type":"","overlay-color":"","overlay-opacity":"","overlay-gradient":""}},"ast-content-background-meta":{"desktop":{"background-color":"var(--ast-global-color-5)","background-image":"","background-repeat":"repeat","background-position":"center center","background-size":"auto","background-attachment":"scroll","background-type":"","background-media":"","overlay-type":"","overlay-color":"","overlay-opacity":"","overlay-gradient":""},"tablet":{"background-color":"var(--ast-global-color-5)","background-image":"","background-repeat":"repeat","background-position":"center center","background-size":"auto","background-attachment":"scroll","background-type":"","background-media":"","overlay-type":"","overlay-color":"","overlay-opacity":"","overlay-gradient":""},"mobile":{"background-color":"var(--ast-global-color-5)","background-image":"","background-repeat":"repeat","background-position":"center center","background-size":"auto","background-attachment":"scroll","background-type":"","background-media":"","overlay-type":"","overlay-color":"","overlay-opacity":"","overlay-gradient":""}}},"product_brand":[],"product_cat":[22,32],"product_tag":[60,61,59,58,62,57,51,52,53,54,48,49,47,50],"class_list":{"0":"post-2933","1":"product","2":"type-product","3":"status-publish","4":"has-post-thumbnail","6":"product_cat-invertoare","7":"product_cat-kaco","8":"product_tag-baterii","9":"product_tag-baterii-panouri-solare","10":"product_tag-baterii-solare","11":"product_tag-invertoare","12":"product_tag-invertoare-panouri-solare","13":"product_tag-invertoare-solare","14":"product_tag-panouri-fotovoltaice","15":"product_tag-panouri-fotovoltaice-chisinau","16":"product_tag-panouri-fotovoltaice-moldova","17":"product_tag-panouri-fotovoltaice-pret-moldova","18":"product_tag-panouri-solare","19":"product_tag-panouri-solare-chisinau","20":"product_tag-panouri-solare-moldova","21":"product_tag-panouri-solare-pret-moldova","22":"desktop-align-left","23":"tablet-align-left","24":"mobile-align-left","26":"first","27":"instock","28":"shipping-taxable","29":"purchasable","30":"product-type-simple"},"_links":{"self":[{"href":"https:\/\/ecodynamic.md\/ru\/wp-json\/wp\/v2\/product\/2933","targetHints":{"allow":["GET"]}}],"collection":[{"href":"https:\/\/ecodynamic.md\/ru\/wp-json\/wp\/v2\/product"}],"about":[{"href":"https:\/\/ecodynamic.md\/ru\/wp-json\/wp\/v2\/types\/product"}],"replies":[{"embeddable":true,"href":"https:\/\/ecodynamic.md\/ru\/wp-json\/wp\/v2\/comments?post=2933"}],"wp:featuredmedia":[{"embeddable":true,"href":"https:\/\/ecodynamic.md\/ru\/wp-json\/wp\/v2\/media\/3197"}],"wp:attachment":[{"href":"https:\/\/ecodynamic.md\/ru\/wp-json\/wp\/v2\/media?parent=2933"}],"wp:term":[{"taxonomy":"product_brand","embeddable":true,"href":"https:\/\/ecodynamic.md\/ru\/wp-json\/wp\/v2\/product_brand?post=2933"},{"taxonomy":"product_cat","embeddable":true,"href":"https:\/\/ecodynamic.md\/ru\/wp-json\/wp\/v2\/product_cat?post=2933"},{"taxonomy":"product_tag","embeddable":true,"href":"https:\/\/ecodynamic.md\/ru\/wp-json\/wp\/v2\/product_tag?post=2933"}],"curies":[{"name":"wp","href":"https:\/\/api.w.org\/{rel}","templated":true}]}}