{"id":3427,"date":"2025-07-29T06:26:56","date_gmt":"2025-07-29T06:26:56","guid":{"rendered":"https:\/\/ecodynamic.md\/?post_type=product&#038;p=3427"},"modified":"2025-07-29T06:26:56","modified_gmt":"2025-07-29T06:26:56","slug":"sma-stp-8-0-3av-40","status":"publish","type":"product","link":"https:\/\/ecodynamic.md\/ru\/product\/sma-stp-8-0-3av-40\/","title":{"rendered":"SMA STP 8.0-3AV-40"},"content":{"rendered":"<p data-start=\"147\" data-end=\"335\">Invertor de \u00eenalt\u0103 fiabilitate, German, creat pentru uz reziden\u021bial. Optimizeaz\u0103 produc\u021bia solar\u0103 \u00een condi\u021bii variate, cu monitorizare online \u0219i montaj u\u0219or.<\/p>\n<p data-start=\"337\" data-end=\"366\"><strong data-start=\"337\" data-end=\"364\">\u0422\u0435\u0445\u043d\u0438\u0447\u0435\u0441\u043a\u0438\u0435 \u043e\u0441\u043e\u0431\u0435\u043d\u043d\u043e\u0441\u0442\u0438:<\/strong><\/p>\n<ul data-start=\"367\" data-end=\"796\">\n<li data-start=\"367\" data-end=\"414\">\n<p data-start=\"369\" data-end=\"414\">\u041d\u043e\u043c\u0438\u043d\u0430\u043b\u044c\u043d\u0430\u044f \u043c\u043e\u0449\u043d\u043e\u0441\u0442\u044c::<strong> 8\u202fkW AC<\/strong>; <strong>DC max: 15\u202fkWp<\/strong><\/p>\n<\/li>\n<li data-start=\"415\" data-end=\"467\">\n<p data-start=\"417\" data-end=\"467\">2 MPPT-\u0442\u0440\u0435\u043a\u0435\u0440\u0430, \u0434\u0438\u0430\u043f\u0430\u0437\u043e\u043d \u043f\u043e\u0441\u0442\u043e\u044f\u043d\u043d\u043e\u0433\u043e \u043d\u0430\u043f\u0440\u044f\u0436\u0435\u043d\u0438\u044f: <strong data-start=\"452\" data-end=\"465\">max 1000\u202fV<\/strong><\/p>\n<\/li>\n<li data-start=\"468\" data-end=\"526\">\n<p data-start=\"470\" data-end=\"526\">Eficien\u021b\u0103 p\u00e2n\u0103 la <strong data-start=\"514\" data-end=\"524\">98,3\u202f%<\/strong><\/p>\n<\/li>\n<li data-start=\"603\" data-end=\"654\">\n<p data-start=\"605\" data-end=\"654\">Comunicare: Ethernet, SMA Smart Connected<\/p>\n<\/li>\n<li data-start=\"655\" data-end=\"737\">\n<p data-start=\"657\" data-end=\"737\">\u041a\u043b\u0430\u0441\u0441 \u0437\u0430\u0449\u0438\u0442\u044b: <strong data-start=\"677\" data-end=\"685\">IP65<\/strong>; dimensiuni: 460 mm \/ 497 mm \/ 176 mm; greutate: ~20,5\u202fkg<\/p>\n<\/li>\n<li data-start=\"738\" data-end=\"796\">\n<p data-start=\"740\" data-end=\"796\">Garan\u021bie standard: 5 ani + 5 ani la inregistrare (extins\u0103 op\u021bional la 10\u201320 ani)<\/p>\n<\/li>\n<\/ul>\n<p data-start=\"798\" data-end=\"813\"><strong data-start=\"798\" data-end=\"811\">\u041f\u0440\u0435\u0438\u043c\u0443\u0449\u0435\u0441\u0442\u0432\u043e:<\/strong><\/p>\n<ul data-start=\"814\" data-end=\"958\">\n<li data-start=\"814\" data-end=\"860\">\n<p data-start=\"816\" data-end=\"860\">\u0410\u0432\u0442\u043e\u043c\u0430\u0442\u0438\u0447\u0435\u0441\u043a\u0438\u0439 \u043a\u043e\u043d\u0442\u0440\u043e\u043b\u044c \u0434\u043b\u044f \u0431\u044b\u0441\u0442\u0440\u043e\u0433\u043e \u043e\u0431\u0441\u043b\u0443\u0436\u0438\u0432\u0430\u043d\u0438\u044f<\/p>\n<\/li>\n<li data-start=\"861\" data-end=\"909\">\n<p data-start=\"863\" data-end=\"909\">\u041e\u0442\u043b\u0438\u0447\u043d\u0430\u044f \u044d\u0444\u0444\u0435\u043a\u0442\u0438\u0432\u043d\u043e\u0441\u0442\u044c \u0438 \u0448\u0438\u0440\u043e\u043a\u0438\u0439 \u0440\u0430\u0431\u043e\u0447\u0438\u0439 \u0434\u0438\u0430\u043f\u0430\u0437\u043e\u043d<\/p>\n<\/li>\n<li data-start=\"910\" data-end=\"958\">\n<p data-start=\"912\" data-end=\"958\">\u041f\u0440\u043e\u0447\u043d\u044b\u0439, \u0438\u0434\u0435\u0430\u043b\u044c\u043d\u043e \u043f\u043e\u0434\u0445\u043e\u0434\u0438\u0442 \u0434\u043b\u044f \u0440\u0430\u0437\u043b\u0438\u0447\u043d\u044b\u0445 \u0443\u0441\u043b\u043e\u0432\u0438\u0439 \u043e\u043a\u0440\u0443\u0436\u0430\u044e\u0449\u0435\u0439 \u0441\u0440\u0435\u0434\u044b<\/p>\n<\/li>\n<\/ul>","protected":false},"excerpt":{"rendered":"<p><strong>\u0418\u043d\u0432\u0435\u0440\u0442\u043e\u0440 3~<\/strong><\/p>\n<p><strong>Greutate 20.50 kg<\/strong><\/p>\n<p><strong><a href=\"https:\/\/ecodynamic.md\/wp-content\/uploads\/2025\/07\/SMA_STP8-10-3AV-40_Datasheet_EN.pdf\" target=\"_blank\" rel=\"noopener\">\u0422\u0435\u0445\u043d\u0438\u0447\u0435\u0441\u043a\u0438\u0435 \u0434\u0430\u043d\u043d\u044b\u0435<\/a><\/strong><\/p>","protected":false},"featured_media":3428,"comment_status":"open","ping_status":"closed","template":"","meta":{"site-sidebar-layout":"default","site-content-layout":"","ast-site-content-layout":"default","site-content-style":"default","site-sidebar-style":"default","ast-global-header-display":"","ast-banner-title-visibility":"","ast-main-header-display":"","ast-hfb-above-header-display":"","ast-hfb-below-header-display":"","ast-hfb-mobile-header-display":"","site-post-title":"","ast-breadcrumbs-content":"","ast-featured-img":"","footer-sml-layout":"","theme-transparent-header-meta":"default","adv-header-id-meta":"","stick-header-meta":"","header-above-stick-meta":"","header-main-stick-meta":"","header-below-stick-meta":"","astra-migrate-meta-layouts":"set","ast-page-background-enabled":"default","ast-page-background-meta":{"desktop":{"background-color":"","background-image":"","background-repeat":"repeat","background-position":"center center","background-size":"auto","background-attachment":"scroll","background-type":"","background-media":"","overlay-type":"","overlay-color":"","overlay-opacity":"","overlay-gradient":""},"tablet":{"background-color":"","background-image":"","background-repeat":"repeat","background-position":"center center","background-size":"auto","background-attachment":"scroll","background-type":"","background-media":"","overlay-type":"","overlay-color":"","overlay-opacity":"","overlay-gradient":""},"mobile":{"background-color":"","background-image":"","background-repeat":"repeat","background-position":"center center","background-size":"auto","background-attachment":"scroll","background-type":"","background-media":"","overlay-type":"","overlay-color":"","overlay-opacity":"","overlay-gradient":""}},"ast-content-background-meta":{"desktop":{"background-color":"var(--ast-global-color-5)","background-image":"","background-repeat":"repeat","background-position":"center center","background-size":"auto","background-attachment":"scroll","background-type":"","background-media":"","overlay-type":"","overlay-color":"","overlay-opacity":"","overlay-gradient":""},"tablet":{"background-color":"var(--ast-global-color-5)","background-image":"","background-repeat":"repeat","background-position":"center center","background-size":"auto","background-attachment":"scroll","background-type":"","background-media":"","overlay-type":"","overlay-color":"","overlay-opacity":"","overlay-gradient":""},"mobile":{"background-color":"var(--ast-global-color-5)","background-image":"","background-repeat":"repeat","background-position":"center center","background-size":"auto","background-attachment":"scroll","background-type":"","background-media":"","overlay-type":"","overlay-color":"","overlay-opacity":"","overlay-gradient":""}}},"product_brand":[],"product_cat":[29],"product_tag":[58,67,62,68,57,63,64,66,65],"class_list":{"0":"post-3427","1":"product","2":"type-product","3":"status-publish","4":"has-post-thumbnail","6":"product_cat-sma","7":"product_tag-invertoare","8":"product_tag-invertoare-fotovoltaice","9":"product_tag-invertoare-panouri-solare","10":"product_tag-invertoare-sma","11":"product_tag-invertoare-solare","12":"product_tag-invertor-pret","13":"product_tag-invertor-sma","14":"product_tag-66","15":"product_tag-65","16":"desktop-align-left","17":"tablet-align-left","18":"mobile-align-left","20":"first","21":"instock","22":"shipping-taxable","23":"purchasable","24":"product-type-simple"},"_links":{"self":[{"href":"https:\/\/ecodynamic.md\/ru\/wp-json\/wp\/v2\/product\/3427","targetHints":{"allow":["GET"]}}],"collection":[{"href":"https:\/\/ecodynamic.md\/ru\/wp-json\/wp\/v2\/product"}],"about":[{"href":"https:\/\/ecodynamic.md\/ru\/wp-json\/wp\/v2\/types\/product"}],"replies":[{"embeddable":true,"href":"https:\/\/ecodynamic.md\/ru\/wp-json\/wp\/v2\/comments?post=3427"}],"wp:featuredmedia":[{"embeddable":true,"href":"https:\/\/ecodynamic.md\/ru\/wp-json\/wp\/v2\/media\/3428"}],"wp:attachment":[{"href":"https:\/\/ecodynamic.md\/ru\/wp-json\/wp\/v2\/media?parent=3427"}],"wp:term":[{"taxonomy":"product_brand","embeddable":true,"href":"https:\/\/ecodynamic.md\/ru\/wp-json\/wp\/v2\/product_brand?post=3427"},{"taxonomy":"product_cat","embeddable":true,"href":"https:\/\/ecodynamic.md\/ru\/wp-json\/wp\/v2\/product_cat?post=3427"},{"taxonomy":"product_tag","embeddable":true,"href":"https:\/\/ecodynamic.md\/ru\/wp-json\/wp\/v2\/product_tag?post=3427"}],"curies":[{"name":"wp","href":"https:\/\/api.w.org\/{rel}","templated":true}]}}