{"id":3531,"date":"2026-04-09T11:19:22","date_gmt":"2026-04-09T11:19:22","guid":{"rendered":"https:\/\/ecodynamic.md\/?post_type=product&#038;p=3531"},"modified":"2026-04-09T11:40:15","modified_gmt":"2026-04-09T11:40:15","slug":"byd-battery-box-premium-lvs-4-0","status":"publish","type":"product","link":"https:\/\/ecodynamic.md\/ru\/product\/byd-battery-box-premium-lvs-4-0\/","title":{"rendered":"BYD Battery-Box Premium LVS 4.0"},"content":{"rendered":"<p data-start=\"5486\" data-end=\"5671\">BYD Battery-Box Premium LVS<\/p>\n<p data-start=\"5486\" data-end=\"5671\">Low Voltage, Tensiune Nominala 51.2V<\/p>\n<p data-start=\"5486\" data-end=\"5671\">Scalabil de la 4 kWh la 256 kWh<br \/>\n\u2022 Flexibilitate maxim\u0103 pentru orice aplica\u021bie cu p\u00e2n\u0103 la 64 de module conectate \u00een paralel<br \/>\n\u2022 Compatibila cu invertoarele monofazate \u0219i trifazate lider de pia\u021b\u0103<br \/>\n\u2022 Baterie litiu-fier fosfat (LFP) f\u0103r\u0103 cobalt: siguran\u021b\u0103 maxim\u0103,<br \/>\nciclu de via\u021b\u0103 \u0219i putere<br \/>\n\u2022 Capabila de func\u021bii de rezerv\u0103 de urgen\u021b\u0103 \u0219i off-grid de mare putere<br \/>\n\u2022 Designul intern patentat al \u0219techerului nu necesit\u0103 cablare suplimentar\u0103<br \/>\n\u2022 Optimizare a autoconsumului pentru aplica\u021bii reziden\u021biale \u0219i<br \/>\ncomerciale<\/p>\n<p>Modul de 4 kWh<br \/>\nDesign modular care simplific\u0103 transportul \u0219i instalarea<br \/>\nBYD Battery-Box Premium LVS este un pachet de baterii litiu-fier-fosfat (LFP) pentru utilizare cu un invertor extern. Un singur Battery-Box Premium LVS con\u021bine \u00eentre 1 \u0219i 6 module de baterii LVS stivuite \u00een paralel \u0219i poate atinge o capacitate utilizabil\u0103 de 4 p\u00e2n\u0103 la 24,0 kWh \u00eentr-un singur turn:<\/p>\n<ul data-start=\"5703\" data-end=\"6063\">\n<li data-start=\"5935\" data-end=\"5987\">\n<p data-start=\"5937\" data-end=\"5987\">Dimensiuni\/greutate: 478 x 650 x 298 mm \/ 64\u202fkg<\/p>\n<\/li>\n<li data-start=\"5988\" data-end=\"6044\">\n<p data-start=\"5990\" data-end=\"6044\">Scalabilitate: p\u00e2n\u0103 la 16 turnuri \u00een paralel (~256\u202fkWh)<\/p>\n<\/li>\n<li data-start=\"6045\" data-end=\"6063\">\n<p data-start=\"6047\" data-end=\"6063\">\u0413\u0430\u0440\u0430\u043d\u0442\u0438\u044f: 10 \u043b\u0435\u0442<\/p>\n<\/li>\n<\/ul>\n<p data-start=\"6065\" data-end=\"6080\"><strong data-start=\"6065\" data-end=\"6078\">\u041f\u0440\u0435\u0438\u043c\u0443\u0449\u0435\u0441\u0442\u0432\u043e:<\/strong><\/p>\n<ul data-start=\"6081\" data-end=\"6244\">\n<li data-start=\"6081\" data-end=\"6137\">\n<p data-start=\"6083\" data-end=\"6137\">\u041e\u0447\u0435\u043d\u044c \u0431\u0435\u0437\u043e\u043f\u0430\u0441\u043d\u043e (\u0445\u0438\u043c\u0438\u044f LiFePO\u2084); \u0434\u043b\u0438\u0442\u0435\u043b\u044c\u043d\u044b\u0439 \u0441\u0440\u043e\u043a \u0441\u043b\u0443\u0436\u0431\u044b<\/p>\n<\/li>\n<li data-start=\"6138\" data-end=\"6190\">\n<p data-start=\"6140\" data-end=\"6190\">\u0418\u0434\u0435\u0430\u043b\u044c\u043d\u043e \u043f\u043e\u0434\u0445\u043e\u0434\u0438\u0442 \u0434\u043b\u044f \u0436\u0438\u043b\u044b\u0445 \u0438 \u043a\u043e\u043c\u043c\u0435\u0440\u0447\u0435\u0441\u043a\u0438\u0445 \u0441\u0438\u0441\u0442\u0435\u043c<\/p>\n<\/li>\n<li data-start=\"6191\" data-end=\"6244\">\n<p data-start=\"6193\" data-end=\"6244\">\u041c\u043e\u0434\u0443\u043b\u044c\u043d\u0430\u044f \u0438 \u0430\u0434\u0430\u043f\u0442\u0438\u0440\u0443\u0435\u043c\u0430\u044f \u0443\u0441\u0442\u0430\u043d\u043e\u0432\u043a\u0430 - \u043b\u0435\u0433\u043a\u043e\u0435 \u0440\u0430\u0441\u0448\u0438\u0440\u0435\u043d\u0438\u0435<\/p>\n<\/li>\n<\/ul>","protected":false},"excerpt":{"rendered":"<p><b>Tipul baterie:\u00a0 LiFePO4<\/b><\/p>\n<p><b>Greutate 64 Kg<\/b><\/p>\n<p><a href=\"https:\/\/ecodynamic.md\/wp-content\/uploads\/2026\/04\/5201300063_BYD-Battery-Box-Premium-LVS-4.0_Datasheet_ENU-2.pdf\" target=\"_blank\" rel=\"noopener\"><span style=\"color: #ff6600;\"><strong>Datele Tehnice<\/strong><\/span><\/a><\/p>","protected":false},"featured_media":3532,"comment_status":"open","ping_status":"closed","template":"","meta":{"site-sidebar-layout":"default","site-content-layout":"","ast-site-content-layout":"default","site-content-style":"default","site-sidebar-style":"default","ast-global-header-display":"","ast-banner-title-visibility":"","ast-main-header-display":"","ast-hfb-above-header-display":"","ast-hfb-below-header-display":"","ast-hfb-mobile-header-display":"","site-post-title":"","ast-breadcrumbs-content":"","ast-featured-img":"","footer-sml-layout":"","theme-transparent-header-meta":"default","adv-header-id-meta":"","stick-header-meta":"","header-above-stick-meta":"","header-main-stick-meta":"","header-below-stick-meta":"","astra-migrate-meta-layouts":"set","ast-page-background-enabled":"default","ast-page-background-meta":{"desktop":{"background-color":"","background-image":"","background-repeat":"repeat","background-position":"center center","background-size":"auto","background-attachment":"scroll","background-type":"","background-media":"","overlay-type":"","overlay-color":"","overlay-opacity":"","overlay-gradient":""},"tablet":{"background-color":"","background-image":"","background-repeat":"repeat","background-position":"center center","background-size":"auto","background-attachment":"scroll","background-type":"","background-media":"","overlay-type":"","overlay-color":"","overlay-opacity":"","overlay-gradient":""},"mobile":{"background-color":"","background-image":"","background-repeat":"repeat","background-position":"center center","background-size":"auto","background-attachment":"scroll","background-type":"","background-media":"","overlay-type":"","overlay-color":"","overlay-opacity":"","overlay-gradient":""}},"ast-content-background-meta":{"desktop":{"background-color":"var(--ast-global-color-5)","background-image":"","background-repeat":"repeat","background-position":"center center","background-size":"auto","background-attachment":"scroll","background-type":"","background-media":"","overlay-type":"","overlay-color":"","overlay-opacity":"","overlay-gradient":""},"tablet":{"background-color":"var(--ast-global-color-5)","background-image":"","background-repeat":"repeat","background-position":"center center","background-size":"auto","background-attachment":"scroll","background-type":"","background-media":"","overlay-type":"","overlay-color":"","overlay-opacity":"","overlay-gradient":""},"mobile":{"background-color":"var(--ast-global-color-5)","background-image":"","background-repeat":"repeat","background-position":"center center","background-size":"auto","background-attachment":"scroll","background-type":"","background-media":"","overlay-type":"","overlay-color":"","overlay-opacity":"","overlay-gradient":""}}},"product_brand":[],"product_cat":[24],"product_tag":[72,60,61,71,51],"class_list":{"0":"post-3531","1":"product","2":"type-product","3":"status-publish","4":"has-post-thumbnail","6":"product_cat-byd","7":"product_tag-acumulatori","8":"product_tag-baterii","9":"product_tag-baterii-panouri-solare","10":"product_tag-invetoare","11":"product_tag-panouri-fotovoltaice","12":"desktop-align-left","13":"tablet-align-left","14":"mobile-align-left","16":"first","17":"instock","18":"shipping-taxable","19":"purchasable","20":"product-type-simple"},"_links":{"self":[{"href":"https:\/\/ecodynamic.md\/ru\/wp-json\/wp\/v2\/product\/3531","targetHints":{"allow":["GET"]}}],"collection":[{"href":"https:\/\/ecodynamic.md\/ru\/wp-json\/wp\/v2\/product"}],"about":[{"href":"https:\/\/ecodynamic.md\/ru\/wp-json\/wp\/v2\/types\/product"}],"replies":[{"embeddable":true,"href":"https:\/\/ecodynamic.md\/ru\/wp-json\/wp\/v2\/comments?post=3531"}],"wp:featuredmedia":[{"embeddable":true,"href":"https:\/\/ecodynamic.md\/ru\/wp-json\/wp\/v2\/media\/3532"}],"wp:attachment":[{"href":"https:\/\/ecodynamic.md\/ru\/wp-json\/wp\/v2\/media?parent=3531"}],"wp:term":[{"taxonomy":"product_brand","embeddable":true,"href":"https:\/\/ecodynamic.md\/ru\/wp-json\/wp\/v2\/product_brand?post=3531"},{"taxonomy":"product_cat","embeddable":true,"href":"https:\/\/ecodynamic.md\/ru\/wp-json\/wp\/v2\/product_cat?post=3531"},{"taxonomy":"product_tag","embeddable":true,"href":"https:\/\/ecodynamic.md\/ru\/wp-json\/wp\/v2\/product_tag?post=3531"}],"curies":[{"name":"wp","href":"https:\/\/api.w.org\/{rel}","templated":true}]}}